{"id":2033,"date":"2021-09-08T16:13:18","date_gmt":"2021-09-08T14:13:18","guid":{"rendered":"https:\/\/relaunch.ascorium.com\/?page_id=2033"},"modified":"2022-03-07T13:42:48","modified_gmt":"2022-03-07T12:42:48","slug":"colosense-x-lite","status":"publish","type":"page","link":"https:\/\/ascorium.com\/cs\/colosense-x-lite\/","title":{"rendered":"Colo-Sense\u00ae X-Lite"},"content":{"rendered":"\n<style type=\"text\/css\" data-created_by=\"avia_inline_auto\" id=\"style-css-av-145nae-a90d1e46a11ecc33ef018f6291f153b1\">\n.avia-section.av-145nae-a90d1e46a11ecc33ef018f6291f153b1{\nbackground-repeat:no-repeat;\nbackground-image:url(https:\/\/ascorium.com\/wp-content\/uploads\/2021\/08\/bmw-4er-Interior-web.jpg);\nbackground-position:50% 50%;\nbackground-attachment:scroll;\n}\n.avia-section.av-145nae-a90d1e46a11ecc33ef018f6291f153b1 .av-section-color-overlay{\nopacity:0.5;\nbackground-color:#000000;\n}\n<\/style>\n<div id='av_section_1'  class='avia-section av-145nae-a90d1e46a11ecc33ef018f6291f153b1 main_color avia-section-default avia-no-border-styling  avia-builder-el-0  el_before_av_section  avia-builder-el-first  avia-full-stretch avia-bg-style-scroll av-section-color-overlay-active av-minimum-height av-minimum-height-50 av-height-50  container_wrap fullsize'  data-section-bg-repeat='stretch' data-av_minimum_height_pc='50' data-av_min_height_opt='50'><div class=\"av-section-color-overlay-wrap\"><div class=\"av-section-color-overlay\"><\/div><div class='container av-section-cont-open' ><main  role=\"main\" itemprop=\"mainContentOfPage\"  class='template-page content  av-content-full alpha units'><div class='post-entry post-entry-type-page post-entry-2033'><div class='entry-content-wrapper clearfix'>\n\n<style type=\"text\/css\" data-created_by=\"avia_inline_auto\" id=\"style-css-av-jgf3pjem-ee2a691ebc0a9a100bc99d372a9c72ca\">\n#top .flex_column.av-jgf3pjem-ee2a691ebc0a9a100bc99d372a9c72ca{\nmargin-top:0px;\nmargin-bottom:0px;\n}\n.flex_column.av-jgf3pjem-ee2a691ebc0a9a100bc99d372a9c72ca{\nborder-radius:0px 0px 0px 0px;\npadding:0px 0px 0px 0px;\n}\n.responsive #top #wrap_all .flex_column.av-jgf3pjem-ee2a691ebc0a9a100bc99d372a9c72ca{\nmargin-top:0px;\nmargin-bottom:0px;\n}\n<\/style>\n<div  class='flex_column av-jgf3pjem-ee2a691ebc0a9a100bc99d372a9c72ca av_one_full  avia-builder-el-1  avia-builder-el-no-sibling  first flex_column_div av-animated-generic left-to-right av-zero-column-padding  '     ><style type=\"text\/css\" data-created_by=\"avia_inline_auto\" id=\"style-css-av-jgs0mnr3-a8df35657a101595595393c6d71ef87b\">\n#top .av-special-heading.av-jgs0mnr3-a8df35657a101595595393c6d71ef87b{\nmargin:0 0 0 0;\npadding-bottom:0;\ncolor:#ffffff;\nfont-size:4vw;\n}\nbody .av-special-heading.av-jgs0mnr3-a8df35657a101595595393c6d71ef87b .av-special-heading-tag .heading-char{\nfont-size:25px;\n}\n#top #wrap_all .av-special-heading.av-jgs0mnr3-a8df35657a101595595393c6d71ef87b .av-special-heading-tag{\nfont-size:4vw;\n}\n.av-special-heading.av-jgs0mnr3-a8df35657a101595595393c6d71ef87b .special-heading-inner-border{\nborder-color:#ffffff;\n}\n.av-special-heading.av-jgs0mnr3-a8df35657a101595595393c6d71ef87b .av-subheading{\nfont-size:25px;\n}\n\n@media only screen and (min-width: 480px) and (max-width: 767px){ \n#top #wrap_all .av-special-heading.av-jgs0mnr3-a8df35657a101595595393c6d71ef87b .av-special-heading-tag{\nfont-size:80px;\n}\n}\n\n@media only screen and (max-width: 479px){ \n#top #wrap_all .av-special-heading.av-jgs0mnr3-a8df35657a101595595393c6d71ef87b .av-special-heading-tag{\nfont-size:50px;\n}\n}\n<\/style>\n<div  class='av-special-heading av-jgs0mnr3-a8df35657a101595595393c6d71ef87b av-special-heading-h2 custom-color-heading blockquote modern-quote modern-centered  avia-builder-el-2  avia-builder-el-no-sibling  av-inherit-size'><h2 class='av-special-heading-tag '  itemprop=\"headline\"  >Colo-Sense\u00ae X-Lite<\/h2><div class=\"special-heading-border\"><div class=\"special-heading-inner-border\"><\/div><\/div><\/div><\/div>\n\n<\/div><\/div><\/main><!-- close content main element --><\/div><\/div><\/div>\n<style type=\"text\/css\" data-created_by=\"avia_inline_auto\" id=\"style-css-av-qet8u-54619c05015d50eba79046a2075fdd13\">\n.avia-section.av-qet8u-54619c05015d50eba79046a2075fdd13{\nbackground-color:#ffffff;\nbackground-image:unset;\n}\n<\/style>\n<div id='av_section_2'  class='avia-section av-qet8u-54619c05015d50eba79046a2075fdd13 main_color avia-section-huge avia-no-border-styling  avia-builder-el-3  el_after_av_section  el_before_av_section  avia-bg-style-scroll container_wrap fullsize'  ><div class='container av-section-cont-open' ><div class='template-page content  av-content-full alpha units'><div class='post-entry post-entry-type-page post-entry-2033'><div class='entry-content-wrapper clearfix'>\n\n<style type=\"text\/css\" data-created_by=\"avia_inline_auto\" id=\"style-css-av-9wkhy-147b3b7d3539c18fedf8bcb6e170caea\">\n#top .flex_column.av-9wkhy-147b3b7d3539c18fedf8bcb6e170caea{\nmargin-top:0px;\nmargin-bottom:0px;\n}\n.flex_column.av-9wkhy-147b3b7d3539c18fedf8bcb6e170caea{\nborder-radius:3px 3px 3px 3px;\npadding:0px 0px 0px 10%;\n}\n.responsive #top #wrap_all .flex_column.av-9wkhy-147b3b7d3539c18fedf8bcb6e170caea{\nmargin-top:0px;\nmargin-bottom:0px;\n}\n<\/style>\n<div  class='flex_column av-9wkhy-147b3b7d3539c18fedf8bcb6e170caea av_one_half  avia-builder-el-4  el_before_av_one_half  avia-builder-el-first  first flex_column_div av-animated-generic left-to-right  '     ><style type=\"text\/css\" data-created_by=\"avia_inline_auto\" id=\"style-css-av-ktbk73qz-79dc25a4255cdbd1ac98ade759bc1c3c\">\n.avia-image-container.av-ktbk73qz-79dc25a4255cdbd1ac98ade759bc1c3c img.avia_image{\nbox-shadow:none;\n}\n.avia-image-container.av-ktbk73qz-79dc25a4255cdbd1ac98ade759bc1c3c .av-image-caption-overlay-center{\ncolor:#ffffff;\n}\n<\/style>\n<div  class='avia-image-container av-ktbk73qz-79dc25a4255cdbd1ac98ade759bc1c3c av-styling- avia-align-center  avia-builder-el-5  avia-builder-el-no-sibling '   itemprop=\"image\" itemscope=\"itemscope\" itemtype=\"https:\/\/schema.org\/ImageObject\" ><div class=\"avia-image-container-inner\"><div class=\"avia-image-overlay-wrap\"><img decoding=\"async\" fetchpriority=\"high\" class='wp-image-3805 avia-img-lazy-loading-not-3805 avia_image ' src=\"https:\/\/ascorium.com\/wp-content\/uploads\/2021\/09\/colosense.jpg\" alt='' title='colosense'  height=\"1321\" width=\"1029\"  itemprop=\"thumbnailUrl\" srcset=\"https:\/\/ascorium.com\/wp-content\/uploads\/2021\/09\/colosense.jpg 1029w, https:\/\/ascorium.com\/wp-content\/uploads\/2021\/09\/colosense-234x300.jpg 234w, https:\/\/ascorium.com\/wp-content\/uploads\/2021\/09\/colosense-798x1024.jpg 798w, https:\/\/ascorium.com\/wp-content\/uploads\/2021\/09\/colosense-768x986.jpg 768w, https:\/\/ascorium.com\/wp-content\/uploads\/2021\/09\/colosense-549x705.jpg 549w\" sizes=\"(max-width: 1029px) 100vw, 1029px\" \/><\/div><\/div><\/div><\/div>\n<style type=\"text\/css\" data-created_by=\"avia_inline_auto\" id=\"style-css-av-1swe7c-50438ff18943b8d09beb6fdf8c59de4e\">\n#top .flex_column.av-1swe7c-50438ff18943b8d09beb6fdf8c59de4e{\nmargin-top:0px;\nmargin-bottom:0px;\n}\n.flex_column.av-1swe7c-50438ff18943b8d09beb6fdf8c59de4e{\nborder-radius:3px 3px 3px 3px;\npadding:0px 10% 0px 0px;\n}\n.responsive #top #wrap_all .flex_column.av-1swe7c-50438ff18943b8d09beb6fdf8c59de4e{\nmargin-top:0px;\nmargin-bottom:0px;\n}\n<\/style>\n<div  class='flex_column av-1swe7c-50438ff18943b8d09beb6fdf8c59de4e av_one_half  avia-builder-el-6  el_after_av_one_half  el_before_av_one_full  flex_column_div av-animated-generic left-to-right  '     ><p>\n<style type=\"text\/css\" data-created_by=\"avia_inline_auto\" id=\"style-css-av-jgrxw141-1443fd858d8d9b08d02d4bfabeac9102\">\n#top .av-special-heading.av-jgrxw141-1443fd858d8d9b08d02d4bfabeac9102{\nmargin:15px 0 0 0;\npadding-bottom:10px;\n}\nbody .av-special-heading.av-jgrxw141-1443fd858d8d9b08d02d4bfabeac9102 .av-special-heading-tag .heading-char{\nfont-size:25px;\n}\n.av-special-heading.av-jgrxw141-1443fd858d8d9b08d02d4bfabeac9102 .av-subheading{\nfont-size:15px;\n}\n<\/style>\n<div  class='av-special-heading av-jgrxw141-1443fd858d8d9b08d02d4bfabeac9102 av-special-heading-h2 blockquote modern-quote  avia-builder-el-7  el_before_av_textblock  avia-builder-el-first '><h2 class='av-special-heading-tag '  itemprop=\"headline\"  >Maxim\u00e1ln\u00ed svoboda designu v kombinaci s prvot\u0159\u00eddn\u00edm z\u00e1\u017eitkem v ekonomicky a ekologicky \u0161etrn\u00e9m v\u00fdrobku. <\/h2><div class=\"special-heading-border\"><div class=\"special-heading-inner-border\"><\/div><\/div><\/div><br \/>\n<section  class='av_textblock_section av-5sdeo-a95ff90457a04f7d8ff39a6443ec158a '   itemscope=\"itemscope\" itemtype=\"https:\/\/schema.org\/CreativeWork\" ><div class='avia_textblock'  itemprop=\"text\" ><p class=\"p1\"><span class=\"s1\">Colo-Sense\u00ae X-Lite spray skin je dvouvrstv\u00fd syst\u00e9m, kde druh\u00e1 vrstva je nast\u0159\u00edk\u00e1na s ni\u017e\u0161\u00ed hustotou ne\u017e prvn\u00ed, co\u017e vede ke zna\u010dn\u00e9 \u00faspo\u0159e hmotnosti. D\u00edky nap\u011bn\u011bn\u00e9 aromatick\u00e9 vrstv\u011b je mimo\u0159\u00e1dn\u011b pru\u017en\u00e1. Nen\u00ed t\u0159eba dod\u00e1vat, \u017ee se vyzna\u010duje vysokou sv\u011btelnou a barevnou st\u00e1lost\u00ed v\u0161ech st\u0159\u00edkan\u00fdch povrch\u016f Ascorium pro automobilov\u00fd pr\u016fmysl &#8211; a to i v extr\u00e9mn\u00edch podm\u00ednk\u00e1ch, po celou dobu \u017eivotnosti.<\/span><\/p>\n<\/div><\/section><br \/>\n\n<style type=\"text\/css\" data-created_by=\"avia_inline_auto\" id=\"style-css-av-20mown-8914c18310316d2ca84b653d7a5b756c\">\n#top .hr.hr-invisible.av-20mown-8914c18310316d2ca84b653d7a5b756c{\nheight:50px;\n}\n<\/style>\n<div  class='hr av-20mown-8914c18310316d2ca84b653d7a5b756c hr-invisible  avia-builder-el-9  el_after_av_textblock  el_before_av_textblock '><span class='hr-inner '><span class=\"hr-inner-style\"><\/span><\/span><\/div><br \/>\n<section  class='av_textblock_section av-kwopt4ob-49d290cae87fad6fb03e77838de3ae5e '   itemscope=\"itemscope\" itemtype=\"https:\/\/schema.org\/CreativeWork\" ><div class='avia_textblock'  itemprop=\"text\" ><p style=\"text-align: center;\"><img loading=\"lazy\" decoding=\"async\" class=\"size-full wp-image-2736 aligncenter\" src=\"https:\/\/ascorium.com\/wp-content\/uploads\/2021\/12\/bio-ready.png\" alt=\"\" width=\"100\" height=\"124\" \/>Tento v\u00fdrobek je p\u0159ipraven k pou\u017eit\u00ed v biokvalit\u011b.<br \/>\n<a href=\"https:\/\/relaunch.ascorium.com\/cs\/sustainability\/\">V\u00edce informac\u00ed naleznete zde<\/a><\/p>\n<\/div><\/section><\/p><\/div>\n<style type=\"text\/css\" data-created_by=\"avia_inline_auto\" id=\"style-css-av-cwkcfr-e7f3885834f20e1df34b4b8fca6efccf\">\n#top .flex_column.av-cwkcfr-e7f3885834f20e1df34b4b8fca6efccf{\nmargin-top:0px;\nmargin-bottom:0px;\n}\n.flex_column.av-cwkcfr-e7f3885834f20e1df34b4b8fca6efccf{\nborder-radius:3px 3px 3px 3px;\npadding:0px 10% 0px 0px;\n}\n.responsive #top #wrap_all .flex_column.av-cwkcfr-e7f3885834f20e1df34b4b8fca6efccf{\nmargin-top:0px;\nmargin-bottom:0px;\n}\n<\/style>\n<div  class='flex_column av-cwkcfr-e7f3885834f20e1df34b4b8fca6efccf av_one_full  avia-builder-el-11  el_after_av_one_half  avia-builder-el-last  first flex_column_div av-animated-generic left-to-right  column-top-margin'     ><p>\n<style type=\"text\/css\" data-created_by=\"avia_inline_auto\" id=\"style-css-av-29t71z-e8d0e981bfa85fb9331ecec4f85a7efe\">\n#top .hr.hr-invisible.av-29t71z-e8d0e981bfa85fb9331ecec4f85a7efe{\nheight:50px;\n}\n<\/style>\n<div  class='hr av-29t71z-e8d0e981bfa85fb9331ecec4f85a7efe hr-invisible  avia-builder-el-12  el_before_av_timeline  avia-builder-el-first '><span class='hr-inner '><span class=\"hr-inner-style\"><\/span><\/span><\/div><br \/>\n\n<style type=\"text\/css\" data-created_by=\"avia_inline_auto\" id=\"style-css-sub-av-b6menr-ad5f9a5d4d52bff65a38b9294955669f\">\n.avia-timeline-container .av-milestone.av-98g9av-ac6024844165a1c9d8e6904d612d7fa2 .av-milestone-icon-inner{\nbackground-color:#ffd600;\n}\n.avia-timeline-container .av-milestone.av-98g9av-ac6024844165a1c9d8e6904d612d7fa2 .av-milestone-indicator{\nbackground-color:#ffd600;\n}\n.avia-timeline-container .av-milestone.av-98g9av-ac6024844165a1c9d8e6904d612d7fa2 .av-milestone-article-footer{\nbackground-color:#ffd600;\n}\n.avia-timeline-container .av-milestone.av-7o8xsn-e73c94c3ef77a7970f03d540e16379df .av-milestone-icon-inner{\nbackground-color:#ffd600;\n}\n.avia-timeline-container .av-milestone.av-7o8xsn-e73c94c3ef77a7970f03d540e16379df .av-milestone-indicator{\nbackground-color:#ffd600;\n}\n.avia-timeline-container .av-milestone.av-7o8xsn-e73c94c3ef77a7970f03d540e16379df .av-milestone-article-footer{\nbackground-color:#ffd600;\n}\n.avia-timeline-container .av-milestone.av-5rcno7-5a2cda3e852c1e1589b8fb0aeeccd589 .av-milestone-icon-inner{\nbackground-color:#ffd600;\n}\n.avia-timeline-container .av-milestone.av-5rcno7-5a2cda3e852c1e1589b8fb0aeeccd589 .av-milestone-indicator{\nbackground-color:#ffd600;\n}\n.avia-timeline-container .av-milestone.av-5rcno7-5a2cda3e852c1e1589b8fb0aeeccd589 .av-milestone-article-footer{\nbackground-color:#ffd600;\n}\n.avia-timeline-container .av-milestone.av-3iiul3-e7cef9df23e6a2c4b2c77a160fb8797c .av-milestone-icon-inner{\nbackground-color:#ffd600;\n}\n.avia-timeline-container .av-milestone.av-3iiul3-e7cef9df23e6a2c4b2c77a160fb8797c .av-milestone-indicator{\nbackground-color:#ffd600;\n}\n.avia-timeline-container .av-milestone.av-3iiul3-e7cef9df23e6a2c4b2c77a160fb8797c .av-milestone-article-footer{\nbackground-color:#ffd600;\n}\n.avia-timeline-container .av-milestone.av-35ptd3-ca22c06b25dc50e38cb25d8d46a0d38a .av-milestone-icon-inner{\nbackground-color:#ffd600;\n}\n.avia-timeline-container .av-milestone.av-35ptd3-ca22c06b25dc50e38cb25d8d46a0d38a .av-milestone-indicator{\nbackground-color:#ffd600;\n}\n.avia-timeline-container .av-milestone.av-35ptd3-ca22c06b25dc50e38cb25d8d46a0d38a .av-milestone-article-footer{\nbackground-color:#ffd600;\n}\n.avia-timeline-container .av-milestone.av-35ptd3-ca22c06b25dc50e38cb25d8d46a0d38a .av-milestone-icon-inner{\nbackground-color:#ffd600;\n}\n.avia-timeline-container .av-milestone.av-35ptd3-ca22c06b25dc50e38cb25d8d46a0d38a .av-milestone-indicator{\nbackground-color:#ffd600;\n}\n.avia-timeline-container .av-milestone.av-35ptd3-ca22c06b25dc50e38cb25d8d46a0d38a .av-milestone-article-footer{\nbackground-color:#ffd600;\n}\n<\/style>\n<div  id=\"avia-timeline-1\"  class='avia-timeline-container av-b6menr-ad5f9a5d4d52bff65a38b9294955669f av-slideshow-ui  avia-builder-el-13  el_after_av_hr  avia-builder-el-last  avia-slideshow-carousel' avia-data-slides='3'><ul class='avia-timeline avia-timeline-horizontal av-milestone-placement-top avia-timeline- avia_animate_when_almost_visible avia-timeline-animate'>\n<li  class='av-milestone av-98g9av-ac6024844165a1c9d8e6904d612d7fa2 av-animated-generic fade-in av-milestone-odd'><h2 class='av-milestone-date ' id='milestone-' aria-hidden='true' tabindex='-1'><strong><span class='av-milestone-indicator'><\/span><\/strong><\/h2><div class=\"av-milestone-icon-wrap\"><span class='av-milestone-icon milestone_icon'><span class='av-milestone-icon-inner milestone_inner'><span class='milestone_number'>1<\/span><\/span><\/span><\/div><article class='av-milestone-content-wrap'><div class='av-milestone-contentbox'><div class='av-milestone-content'><p>V\u00fdhody hmotnosti ve srovn\u00e1n\u00ed s alternativn\u00edmi v\u00fdrobky d\u00edky ni\u017e\u0161\u00ed hustot\u011b materi\u00e1lu p\u0159i zachov\u00e1n\u00ed prvot\u0159\u00eddn\u00ed kvality.<\/p>\n<\/div><\/div><footer class='av-milestone-article-footer entry-footer'><\/footer><\/article><\/li>\n<li  class='av-milestone av-7o8xsn-e73c94c3ef77a7970f03d540e16379df av-animated-generic fade-in av-milestone-even'><h2 class='av-milestone-date ' id='milestone-' aria-hidden='true' tabindex='-1'><strong><span class='av-milestone-indicator'><\/span><\/strong><\/h2><div class=\"av-milestone-icon-wrap\"><span class='av-milestone-icon milestone_icon'><span class='av-milestone-icon-inner milestone_inner'><span class='milestone_number'>2<\/span><\/span><\/span><\/div><article class='av-milestone-content-wrap'><div class='av-milestone-contentbox'><div class='av-milestone-content'><p class=\"p1\">N\u00edzk\u00e1 uhl\u00edkov\u00e1 stopa a pou\u017eit\u00ed obnoviteln\u00fdch a drop-in chemik\u00e1li\u00ed zaji\u0161\u0165uj\u00ed ekologi\u010dt\u011bj\u0161\u00ed v\u00fdrobek.<\/p>\n<\/div><\/div><footer class='av-milestone-article-footer entry-footer'><\/footer><\/article><\/li>\n<li  class='av-milestone av-5rcno7-5a2cda3e852c1e1589b8fb0aeeccd589 av-animated-generic fade-in av-milestone-odd'><h2 class='av-milestone-date ' id='milestone-' aria-hidden='true' tabindex='-1'><strong><span class='av-milestone-indicator'><\/span><\/strong><\/h2><div class=\"av-milestone-icon-wrap\"><span class='av-milestone-icon milestone_icon'><span class='av-milestone-icon-inner milestone_inner'><span class='milestone_number'>3<\/span><\/span><\/span><\/div><article class='av-milestone-content-wrap'><div class='av-milestone-contentbox'><div class='av-milestone-content'><p class=\"p1\">Proces st\u0159\u00edk\u00e1n\u00ed umo\u017e\u0148uje z\u00edskat jedine\u010dnou strukturu a \u0161irokou \u0161k\u00e1lu povrchov\u00fdch textur<\/p>\n<\/div><\/div><footer class='av-milestone-article-footer entry-footer'><\/footer><\/article><\/li>\n<li  class='av-milestone av-3iiul3-e7cef9df23e6a2c4b2c77a160fb8797c av-animated-generic fade-in av-milestone-even'><h2 class='av-milestone-date ' id='milestone-' aria-hidden='true' tabindex='-1'><strong><span class='av-milestone-indicator'><\/span><\/strong><\/h2><div class=\"av-milestone-icon-wrap\"><span class='av-milestone-icon milestone_icon'><span class='av-milestone-icon-inner milestone_inner'><span class='milestone_number'>4<\/span><\/span><\/span><\/div><article class='av-milestone-content-wrap'><div class='av-milestone-contentbox'><div class='av-milestone-content'><p class=\"p1\">V\u00edcebarevn\u00e9 komponenty a skute\u010dn\u00e9 stehy pro prvot\u0159\u00eddn\u00ed z\u00e1\u017eitek z interi\u00e9ru vozidla<\/p>\n<\/div><\/div><footer class='av-milestone-article-footer entry-footer'><\/footer><\/article><\/li>\n<li  class='av-milestone av-35ptd3-ca22c06b25dc50e38cb25d8d46a0d38a av-animated-generic fade-in av-milestone-odd'><h2 class='av-milestone-date ' id='milestone-' aria-hidden='true' tabindex='-1'><strong><span class='av-milestone-indicator'><\/span><\/strong><\/h2><div class=\"av-milestone-icon-wrap\"><span class='av-milestone-icon milestone_icon'><span class='av-milestone-icon-inner milestone_inner'><span class='milestone_number'>5<\/span><\/span><\/span><\/div><article class='av-milestone-content-wrap'><div class='av-milestone-contentbox'><div class='av-milestone-content'><p class=\"p1\"><span class=\"s1\">Provozn\u00ed dokonalost a \u0161t\u00edhlost<\/span><\/p>\n<\/div><\/div><footer class='av-milestone-article-footer entry-footer'><\/footer><\/article><\/li>\n<li  class='av-milestone av-35ptd3-ca22c06b25dc50e38cb25d8d46a0d38a av-animated-generic fade-in av-milestone-even'><h2 class='av-milestone-date ' id='milestone-' aria-hidden='true' tabindex='-1'><strong><span class='av-milestone-indicator'><\/span><\/strong><\/h2><div class=\"av-milestone-icon-wrap\"><span class='av-milestone-icon milestone_icon'><span class='av-milestone-icon-inner milestone_inner'><span class='milestone_number'>6<\/span><\/span><\/span><\/div><article class='av-milestone-content-wrap'><div class='av-milestone-contentbox'><div class='av-milestone-content'><p class=\"p1\"><span class=\"s1\">Energeticky \u00fa\u010dinn\u00fd proces<\/span><\/p>\n<\/div><\/div><footer class='av-milestone-article-footer entry-footer'><\/footer><\/article><\/li>\n<\/ul><div class='avia-slideshow-arrows avia-slideshow-controls av-timeline-nav ' ><a href='#prev' class='prev-slide prev-slide av-timeline-nav-prev av-nav-btn' aria-hidden='true' data-av_icon='\ue87c' data-av_iconfont='entypo-fontello'  tabindex='-1'>Previous<\/a><a href='#next' class='next-slide next-slide av-timeline-nav-next av-nav-btn' aria-hidden='true' data-av_icon='\ue87d' data-av_iconfont='entypo-fontello'  tabindex='-1'>Next<\/a><\/div><\/div><\/p><\/div><\/div><\/div><\/div><!-- close content main div --><\/div><\/div><div id='av_section_3'  class='avia-section av-75z58n-e1e516b13ade3a44f2a04fb69fe64ca4 main_color avia-section-huge avia-no-border-styling  avia-builder-el-14  el_after_av_section  avia-builder-el-last  avia-bg-style-scroll container_wrap fullsize'  ><div class='container av-section-cont-open' ><div class='template-page content  av-content-full alpha units'><div class='post-entry post-entry-type-page post-entry-2033'><div class='entry-content-wrapper clearfix'>\n\n<style type=\"text\/css\" data-created_by=\"avia_inline_auto\" id=\"style-css-av-5fw29z-964ff475c50ab8f303952d1264e7df4f\">\n#top .flex_column.av-5fw29z-964ff475c50ab8f303952d1264e7df4f{\nmargin-top:0px;\nmargin-bottom:0px;\n}\n.flex_column.av-5fw29z-964ff475c50ab8f303952d1264e7df4f{\nborder-radius:0px 0px 0px 0px;\npadding:0px 0px 0px 10%;\n}\n.responsive #top #wrap_all .flex_column.av-5fw29z-964ff475c50ab8f303952d1264e7df4f{\nmargin-top:0px;\nmargin-bottom:0px;\n}\n<\/style>\n<div  class='flex_column av-5fw29z-964ff475c50ab8f303952d1264e7df4f av_two_fifth  avia-builder-el-15  el_before_av_three_fifth  avia-builder-el-first  first flex_column_div av-animated-generic left-to-right  '     ><style type=\"text\/css\" data-created_by=\"avia_inline_auto\" id=\"style-css-av-kugx3ep9-d2bc94e16a6c84821e54fb9facb0d96d\">\n#top .av_textblock_section.av-kugx3ep9-d2bc94e16a6c84821e54fb9facb0d96d .avia_textblock{\ncolor:#ffffff;\n}\n<\/style>\n<section  class='av_textblock_section av-kugx3ep9-d2bc94e16a6c84821e54fb9facb0d96d '   itemscope=\"itemscope\" itemtype=\"https:\/\/schema.org\/CreativeWork\" ><div class='avia_textblock av_inherit_color'  itemprop=\"text\" ><p class=\"p1\">Syst\u00e9m Colo-Sense\u00aeLite se skl\u00e1d\u00e1 ze dvou vrstev, z nich\u017e druh\u00e1 vrstva je nast\u0159\u00edk\u00e1na s ni\u017e\u0161\u00ed hustotou. D\u00edky t\u00e9to technologii je mo\u017en\u00e9 dos\u00e1hnout v\u00fdrazn\u00fdch \u00faspor hmotnosti ve srovn\u00e1n\u00ed s technologi\u00ed slush.\u00a0 Colo-Sense\u00aeLite spray skin si nav\u00edc zachov\u00e1v\u00e1 sv\u011btelnou a barevnou st\u00e1lost po celou dobu \u017eivotnosti. Sn\u00ed\u017een\u00ed hmotnosti znamen\u00e1 m\u00e9n\u011b materi\u00e1lu, a t\u00edm i ni\u017e\u0161\u00ed n\u00e1klady. U\u017e jen tyto vlastnosti d\u00e1vaj\u00ed\u00a0 Colo-Sense\u00ae Lite spray skin jasnou konkuren\u010dn\u00ed v\u00fdhodu.<\/p>\n<\/div><\/section><\/div>\n<style type=\"text\/css\" data-created_by=\"avia_inline_auto\" id=\"style-css-av-4qha6f-8ea37377ff8334e9bfc995d38d5f6ae4\">\n#top .flex_column.av-4qha6f-8ea37377ff8334e9bfc995d38d5f6ae4{\nmargin-top:0px;\nmargin-bottom:0px;\n}\n.flex_column.av-4qha6f-8ea37377ff8334e9bfc995d38d5f6ae4{\nborder-radius:0px 0px 0px 0px;\npadding:0px 10% 0px 0px;\n}\n.responsive #top #wrap_all .flex_column.av-4qha6f-8ea37377ff8334e9bfc995d38d5f6ae4{\nmargin-top:0px;\nmargin-bottom:0px;\n}\n<\/style>\n<div  class='flex_column av-4qha6f-8ea37377ff8334e9bfc995d38d5f6ae4 av_three_fifth  avia-builder-el-17  el_after_av_two_fifth  el_before_av_hr  flex_column_div av-animated-generic left-to-right  '     ><style type=\"text\/css\" data-created_by=\"avia_inline_auto\" id=\"style-css-av-kugx4c3h-64a2d455e767030a3a1c54d011bda01f\">\n.avia-video.av-kugx4c3h-64a2d455e767030a3a1c54d011bda01f{\nbackground-image:url(https:\/\/ascorium.com\/wp-content\/uploads\/2021\/12\/colosense-xlite.jpg);\n}\n<\/style>\n<div  class='avia-video av-kugx4c3h-64a2d455e767030a3a1c54d011bda01f avia-video-16-9 av-preview-image avia-video-load-always av-lazyload-immediate av-lazyload-video-embed'  itemprop=\"video\" itemtype=\"https:\/\/schema.org\/VideoObject\"  data-original_url='https:\/\/youtu.be\/LBSTbkDMJCg'><script type='text\/html' class='av-video-tmpl'><div class='avia-iframe-wrap'><iframe loading=\"lazy\" title=\"Colo-Sense\u00ae X-Lite\" width=\"1500\" height=\"844\" src=\"https:\/\/www.youtube.com\/embed\/LBSTbkDMJCg?feature=oembed&autoplay=0&loop=0&controls=0&mute=1\" frameborder=\"0\" allow=\"accelerometer; autoplay; clipboard-write; encrypted-media; gyroscope; picture-in-picture\" allowfullscreen><\/iframe><\/div><\/script><div class='av-click-to-play-overlay'><div class=\"avia_playpause_icon\"><\/div><\/div><\/div><\/div>\n<style type=\"text\/css\" data-created_by=\"avia_inline_auto\" id=\"style-css-av-2uvapz-31ef1ae6b8f8bf6a5484ab755f552295\">\n#top .hr.hr-invisible.av-2uvapz-31ef1ae6b8f8bf6a5484ab755f552295{\nheight:50px;\n}\n<\/style>\n<div  class='hr av-2uvapz-31ef1ae6b8f8bf6a5484ab755f552295 hr-invisible  avia-builder-el-19  el_after_av_three_fifth  avia-builder-el-last '><span class='hr-inner '><span class=\"hr-inner-style\"><\/span><\/span><\/div>\n<\/p>\n","protected":false},"excerpt":{"rendered":"","protected":false},"author":2,"featured_media":0,"parent":0,"menu_order":0,"comment_status":"closed","ping_status":"closed","template":"","meta":{"footnotes":""},"class_list":["post-2033","page","type-page","status-publish","hentry"],"_links":{"self":[{"href":"https:\/\/ascorium.com\/cs\/wp-json\/wp\/v2\/pages\/2033","targetHints":{"allow":["GET"]}}],"collection":[{"href":"https:\/\/ascorium.com\/cs\/wp-json\/wp\/v2\/pages"}],"about":[{"href":"https:\/\/ascorium.com\/cs\/wp-json\/wp\/v2\/types\/page"}],"author":[{"embeddable":true,"href":"https:\/\/ascorium.com\/cs\/wp-json\/wp\/v2\/users\/2"}],"replies":[{"embeddable":true,"href":"https:\/\/ascorium.com\/cs\/wp-json\/wp\/v2\/comments?post=2033"}],"version-history":[{"count":22,"href":"https:\/\/ascorium.com\/cs\/wp-json\/wp\/v2\/pages\/2033\/revisions"}],"predecessor-version":[{"id":3670,"href":"https:\/\/ascorium.com\/cs\/wp-json\/wp\/v2\/pages\/2033\/revisions\/3670"}],"wp:attachment":[{"href":"https:\/\/ascorium.com\/cs\/wp-json\/wp\/v2\/media?parent=2033"}],"curies":[{"name":"wp","href":"https:\/\/api.w.org\/{rel}","templated":true}]}}