{"id":2038,"date":"2021-09-08T17:33:45","date_gmt":"2021-09-08T15:33:45","guid":{"rendered":"https:\/\/relaunch.ascorium.com\/?page_id=2038"},"modified":"2022-03-07T13:43:27","modified_gmt":"2022-03-07T12:43:27","slug":"compolite","status":"publish","type":"page","link":"https:\/\/ascorium.com\/cs\/compolite\/","title":{"rendered":"CompoLite"},"content":{"rendered":"\n<style type=\"text\/css\" data-created_by=\"avia_inline_auto\" id=\"style-css-av-145nae-dfdf4b99c90168b4a56a616f0b6e3063\">\n.avia-section.av-145nae-dfdf4b99c90168b4a56a616f0b6e3063{\nbackground-repeat:no-repeat;\nbackground-image:url(https:\/\/ascorium.com\/wp-content\/uploads\/2021\/09\/background-compo.jpg);\nbackground-position:50% 50%;\nbackground-attachment:scroll;\n}\n.avia-section.av-145nae-dfdf4b99c90168b4a56a616f0b6e3063 .av-section-color-overlay{\nopacity:0.5;\nbackground-color:#000000;\n}\n<\/style>\n<div id='av_section_1'  class='avia-section av-145nae-dfdf4b99c90168b4a56a616f0b6e3063 main_color avia-section-default avia-no-border-styling  avia-builder-el-0  el_before_av_section  avia-builder-el-first  avia-full-stretch avia-bg-style-scroll av-section-color-overlay-active av-minimum-height av-minimum-height-50 av-height-50  container_wrap fullsize'  data-section-bg-repeat='stretch' data-av_minimum_height_pc='50' data-av_min_height_opt='50'><div class=\"av-section-color-overlay-wrap\"><div class=\"av-section-color-overlay\"><\/div><div class='container av-section-cont-open' ><main  role=\"main\" itemprop=\"mainContentOfPage\"  class='template-page content  av-content-full alpha units'><div class='post-entry post-entry-type-page post-entry-2038'><div class='entry-content-wrapper clearfix'>\n\n<style type=\"text\/css\" data-created_by=\"avia_inline_auto\" id=\"style-css-av-jgf3pjem-ee2a691ebc0a9a100bc99d372a9c72ca\">\n#top .flex_column.av-jgf3pjem-ee2a691ebc0a9a100bc99d372a9c72ca{\nmargin-top:0px;\nmargin-bottom:0px;\n}\n.flex_column.av-jgf3pjem-ee2a691ebc0a9a100bc99d372a9c72ca{\nborder-radius:0px 0px 0px 0px;\npadding:0px 0px 0px 0px;\n}\n.responsive #top #wrap_all .flex_column.av-jgf3pjem-ee2a691ebc0a9a100bc99d372a9c72ca{\nmargin-top:0px;\nmargin-bottom:0px;\n}\n<\/style>\n<div  class='flex_column av-jgf3pjem-ee2a691ebc0a9a100bc99d372a9c72ca av_one_full  avia-builder-el-1  avia-builder-el-no-sibling  first flex_column_div av-animated-generic left-to-right av-zero-column-padding  '     ><style type=\"text\/css\" data-created_by=\"avia_inline_auto\" id=\"style-css-av-jgs0mnr3-7206fc70dac7f017af2263bb572eda9a\">\n#top .av-special-heading.av-jgs0mnr3-7206fc70dac7f017af2263bb572eda9a{\nmargin:0 0 0 0;\npadding-bottom:0;\ncolor:#ffffff;\nfont-size:4vw;\n}\nbody .av-special-heading.av-jgs0mnr3-7206fc70dac7f017af2263bb572eda9a .av-special-heading-tag .heading-char{\nfont-size:25px;\n}\n#top #wrap_all .av-special-heading.av-jgs0mnr3-7206fc70dac7f017af2263bb572eda9a .av-special-heading-tag{\nfont-size:4vw;\n}\n.av-special-heading.av-jgs0mnr3-7206fc70dac7f017af2263bb572eda9a .special-heading-inner-border{\nborder-color:#ffffff;\n}\n.av-special-heading.av-jgs0mnr3-7206fc70dac7f017af2263bb572eda9a .av-subheading{\nfont-size:25px;\n}\n\n@media only screen and (min-width: 480px) and (max-width: 767px){ \n#top #wrap_all .av-special-heading.av-jgs0mnr3-7206fc70dac7f017af2263bb572eda9a .av-special-heading-tag{\nfont-size:80px;\n}\n}\n\n@media only screen and (max-width: 479px){ \n#top #wrap_all .av-special-heading.av-jgs0mnr3-7206fc70dac7f017af2263bb572eda9a .av-special-heading-tag{\nfont-size:50px;\n}\n}\n<\/style>\n<div  class='av-special-heading av-jgs0mnr3-7206fc70dac7f017af2263bb572eda9a av-special-heading-h2 custom-color-heading blockquote modern-quote modern-centered  avia-builder-el-2  avia-builder-el-no-sibling  av-inherit-size'><h2 class='av-special-heading-tag '  itemprop=\"headline\"  >CompoLite\u00ae<\/h2><div class=\"special-heading-border\"><div class=\"special-heading-inner-border\"><\/div><\/div><\/div><\/div>\n\n<\/div><\/div><\/main><!-- close content main element --><\/div><\/div><\/div>\n<style type=\"text\/css\" data-created_by=\"avia_inline_auto\" id=\"style-css-av-qet8u-54619c05015d50eba79046a2075fdd13\">\n.avia-section.av-qet8u-54619c05015d50eba79046a2075fdd13{\nbackground-color:#ffffff;\nbackground-image:unset;\n}\n<\/style>\n<div id='av_section_2'  class='avia-section av-qet8u-54619c05015d50eba79046a2075fdd13 main_color avia-section-huge avia-no-border-styling  avia-builder-el-3  el_after_av_section  el_before_av_section  avia-bg-style-scroll container_wrap fullsize'  ><div class='container av-section-cont-open' ><div class='template-page content  av-content-full alpha units'><div class='post-entry post-entry-type-page post-entry-2038'><div class='entry-content-wrapper clearfix'>\n\n<style type=\"text\/css\" data-created_by=\"avia_inline_auto\" id=\"style-css-av-9wkhy-53be5d8b9c7d61d3c456b9be017423a1\">\n#top .flex_column.av-9wkhy-53be5d8b9c7d61d3c456b9be017423a1{\nmargin-top:-200px;\nmargin-bottom:0px;\n}\n.flex_column.av-9wkhy-53be5d8b9c7d61d3c456b9be017423a1{\nborder-radius:3px 3px 3px 3px;\npadding:0px 0px 0px 10%;\n}\n.responsive #top #wrap_all .flex_column.av-9wkhy-53be5d8b9c7d61d3c456b9be017423a1{\nmargin-top:-200px;\nmargin-bottom:0px;\n}\n<\/style>\n<div  class='flex_column av-9wkhy-53be5d8b9c7d61d3c456b9be017423a1 av_one_half  avia-builder-el-4  el_before_av_one_half  avia-builder-el-first  first flex_column_div av-animated-generic left-to-right  '     ><p>\n<style type=\"text\/css\" data-created_by=\"avia_inline_auto\" id=\"style-css-av-ktbk73qz-97ccd991cb3be749db76583bbafe93ac\">\n.avia-image-container.av-ktbk73qz-97ccd991cb3be749db76583bbafe93ac img.avia_image{\nbox-shadow:none;\n}\n.avia-image-container.av-ktbk73qz-97ccd991cb3be749db76583bbafe93ac .av-image-caption-overlay-center{\ncolor:#ffffff;\n}\n<\/style>\n<div  class='avia-image-container av-ktbk73qz-97ccd991cb3be749db76583bbafe93ac av-styling- avia-align-center  avia-builder-el-5  el_before_av_hr  avia-builder-el-first '   itemprop=\"image\" itemscope=\"itemscope\" itemtype=\"https:\/\/schema.org\/ImageObject\" ><div class=\"avia-image-container-inner\"><div class=\"avia-image-overlay-wrap\"><img decoding=\"async\" fetchpriority=\"high\" class='wp-image-2848 avia-img-lazy-loading-not-2848 avia_image ' src=\"https:\/\/ascorium.com\/wp-content\/uploads\/2021\/12\/compolite.jpg\" alt='' title='compolite'  height=\"1321\" width=\"1029\"  itemprop=\"thumbnailUrl\" srcset=\"https:\/\/ascorium.com\/wp-content\/uploads\/2021\/12\/compolite.jpg 1029w, https:\/\/ascorium.com\/wp-content\/uploads\/2021\/12\/compolite-234x300.jpg 234w, https:\/\/ascorium.com\/wp-content\/uploads\/2021\/12\/compolite-798x1024.jpg 798w, https:\/\/ascorium.com\/wp-content\/uploads\/2021\/12\/compolite-768x986.jpg 768w, https:\/\/ascorium.com\/wp-content\/uploads\/2021\/12\/compolite-549x705.jpg 549w\" sizes=\"(max-width: 1029px) 100vw, 1029px\" \/><\/div><\/div><\/div><br \/>\n\n<style type=\"text\/css\" data-created_by=\"avia_inline_auto\" id=\"style-css-av-kxrjaozv-13f61e4a60b8d6bc68c76515b69832d6\">\n#top .hr.hr-invisible.av-kxrjaozv-13f61e4a60b8d6bc68c76515b69832d6{\nheight:50px;\n}\n<\/style>\n<div  class='hr av-kxrjaozv-13f61e4a60b8d6bc68c76515b69832d6 hr-invisible  avia-builder-el-6  el_after_av_image  el_before_av_textblock '><span class='hr-inner '><span class=\"hr-inner-style\"><\/span><\/span><\/div><br \/>\n<section  class='av_textblock_section av-2xoog3-7f9534006b24a489efd63754540fd640 '   itemscope=\"itemscope\" itemtype=\"https:\/\/schema.org\/CreativeWork\" ><div class='avia_textblock'  itemprop=\"text\" ><p style=\"text-align: center;\"><img loading=\"lazy\" decoding=\"async\" class=\"size-full wp-image-2736 aligncenter\" src=\"https:\/\/ascorium.com\/wp-content\/uploads\/2021\/12\/bio-ready.png\" alt=\"\" width=\"100\" height=\"124\" \/>Tento v\u00fdrobek je p\u0159ipraven k pou\u017eit\u00ed v biokvalit\u011b.<br \/>\n<a href=\"https:\/\/relaunch.ascorium.com\/cs\/sustainability\/\">V\u00edce informac\u00ed naleznete zde<\/a><\/p>\n<\/div><\/section><\/p><\/div>\n<style type=\"text\/css\" data-created_by=\"avia_inline_auto\" id=\"style-css-av-1swe7c-50438ff18943b8d09beb6fdf8c59de4e\">\n#top .flex_column.av-1swe7c-50438ff18943b8d09beb6fdf8c59de4e{\nmargin-top:-200px;\nmargin-bottom:0px;\n}\n.flex_column.av-1swe7c-50438ff18943b8d09beb6fdf8c59de4e{\nborder-radius:3px 3px 3px 3px;\npadding:0px 10% 0px 0px;\n}\n.responsive #top #wrap_all .flex_column.av-1swe7c-50438ff18943b8d09beb6fdf8c59de4e{\nmargin-top:-200px;\nmargin-bottom:0px;\n}\n<\/style>\n<div  class='flex_column av-1swe7c-50438ff18943b8d09beb6fdf8c59de4e av_one_half  avia-builder-el-8  el_after_av_one_half  avia-builder-el-last  flex_column_div av-animated-generic left-to-right  '     ><p>\n<style type=\"text\/css\" data-created_by=\"avia_inline_auto\" id=\"style-css-av-ktbk8nxh-7279121160ad1afeba13fe18166b5426\">\n#top .hr.hr-invisible.av-ktbk8nxh-7279121160ad1afeba13fe18166b5426{\nheight:150px;\n}\n<\/style>\n<div  class='hr av-ktbk8nxh-7279121160ad1afeba13fe18166b5426 hr-invisible  avia-builder-el-9  el_before_av_heading  avia-builder-el-first '><span class='hr-inner '><span class=\"hr-inner-style\"><\/span><\/span><\/div><br \/>\n\n<style type=\"text\/css\" data-created_by=\"avia_inline_auto\" id=\"style-css-av-jgrxw141-418165f04adcd517fc6ffc0f4523e246\">\n#top .av-special-heading.av-jgrxw141-418165f04adcd517fc6ffc0f4523e246{\nmargin:15px 0 0 0;\npadding-bottom:10px;\n}\nbody .av-special-heading.av-jgrxw141-418165f04adcd517fc6ffc0f4523e246 .av-special-heading-tag .heading-char{\nfont-size:25px;\n}\n.av-special-heading.av-jgrxw141-418165f04adcd517fc6ffc0f4523e246 .av-subheading{\nfont-size:15px;\n}\n<\/style>\n<div  class='av-special-heading av-jgrxw141-418165f04adcd517fc6ffc0f4523e246 av-special-heading-h2 blockquote modern-quote  avia-builder-el-10  el_after_av_hr  el_before_av_textblock '><h2 class='av-special-heading-tag '  itemprop=\"headline\"  >Kompletn\u00ed \u0159e\u0161en\u00ed pro automobilov\u00fd pr\u016fmysl<\/h2><div class=\"special-heading-border\"><div class=\"special-heading-inner-border\"><\/div><\/div><\/div><br \/>\n<section  class='av_textblock_section av-5sdeo-a95ff90457a04f7d8ff39a6443ec158a '   itemscope=\"itemscope\" itemtype=\"https:\/\/schema.org\/CreativeWork\" ><div class='avia_textblock'  itemprop=\"text\" ><p class=\"p1\"><span class=\"s1\">CompoLite\u00ae, p\u0159ekvapiv\u011b lehk\u00fd a rozm\u011brov\u011b stabiln\u00ed nosi\u010d z kompozitn\u00edho materi\u00e1lu. CompoLite\u00ae lze dokonale kombinovat s r\u016fzn\u00fdmi dekorativn\u00edmi materi\u00e1ly.<\/span><\/p>\n<p class=\"p1\"><span class=\"s1\">Vlastnosti materi\u00e1lu CompoLite\u00ae jsou podobn\u00e9 nebo lep\u0161\u00ed ne\u017e u jin\u00fdch materi\u00e1l\u016f se stejn\u00fdm \u00fa\u010delem, ale s mnohem ni\u017e\u0161\u00ed hmotnost\u00ed, co\u017e z n\u011bj \u010din\u00ed udr\u017eitelnou alternativu.<\/span><\/p>\n<\/div><\/section><br \/>\n\n<style type=\"text\/css\" data-created_by=\"avia_inline_auto\" id=\"style-css-av-2n7nwz-b20ba410141f2ee661294b798f70aaac\">\n#top .hr.hr-invisible.av-2n7nwz-b20ba410141f2ee661294b798f70aaac{\nheight:50px;\n}\n<\/style>\n<div  class='hr av-2n7nwz-b20ba410141f2ee661294b798f70aaac hr-invisible  avia-builder-el-12  el_after_av_textblock  el_before_av_textblock '><span class='hr-inner '><span class=\"hr-inner-style\"><\/span><\/span><\/div><br \/>\n<section  class='av_textblock_section av-ktbnsy80-87026f026431a13f539bb223a6c3f049 '   itemscope=\"itemscope\" itemtype=\"https:\/\/schema.org\/CreativeWork\" ><div class='avia_textblock'  itemprop=\"text\" ><p>Men\u0161\u00ed hmotnost, m\u00e9n\u011b CO2: Sou\u010dasn\u00e1 \u0159ada CompoLite\u00ae je viz\u00ed spole\u010dnosti Ascorium pro novou generaci udr\u017eiteln\u00fdch kompozitn\u00edch materi\u00e1l\u016f na b\u00e1zi organick\u00fdch vl\u00e1ken.<\/p>\n<p>Technologie CompoLite\u00ae zaru\u010duje velmi vysokou m\u00edru svobody designu v kombinaci s n\u00edzkou hmotnost\u00ed, extr\u00e9mn\u00ed stabilitou, brilantn\u00ed akustikou, tepelnou izolac\u00ed a vynikaj\u00edc\u00edmi vlastnostmi p\u0159i n\u00e1razu.<\/p>\n<p>Komponenty CompoLite\u00ae se vyr\u00e1b\u011bj\u00ed st\u0159\u00edk\u00e1n\u00edm, a to bu\u010f jako podklad pro komponenty, nebo jako dekorativn\u00ed d\u00edly p\u0159ipraven\u00e9 k instalaci.<\/p>\n<\/div><\/section><\/p><\/div><\/div><\/div><\/div><!-- close content main div --><\/div><\/div><div id='av_section_3'  class='avia-section av-90j6zn-a9151279c837914134fab10dba60c8f1 main_color avia-section-huge avia-no-border-styling  avia-builder-el-14  el_after_av_section  avia-builder-el-last  avia-bg-style-scroll container_wrap fullsize'  ><div class='container av-section-cont-open' ><div class='template-page content  av-content-full alpha units'><div class='post-entry post-entry-type-page post-entry-2038'><div class='entry-content-wrapper clearfix'>\n\n<style type=\"text\/css\" data-created_by=\"avia_inline_auto\" id=\"style-css-av-7xdij7-b0f875c7c2bfc217759f64e867caad11\">\n#top .flex_column.av-7xdij7-b0f875c7c2bfc217759f64e867caad11{\nmargin-top:0px;\nmargin-bottom:0px;\n}\n.flex_column.av-7xdij7-b0f875c7c2bfc217759f64e867caad11{\nborder-radius:0px 0px 0px 0px;\npadding:0px 0px 0px 10%;\n}\n.responsive #top #wrap_all .flex_column.av-7xdij7-b0f875c7c2bfc217759f64e867caad11{\nmargin-top:0px;\nmargin-bottom:0px;\n}\n<\/style>\n<div  class='flex_column av-7xdij7-b0f875c7c2bfc217759f64e867caad11 av_two_fifth  avia-builder-el-15  el_before_av_three_fifth  avia-builder-el-first  first flex_column_div av-animated-generic left-to-right  '     ><style type=\"text\/css\" data-created_by=\"avia_inline_auto\" id=\"style-css-av-kugz36mw-d6895bd922d0f19880820c96acd02ff7\">\n#top .av_textblock_section.av-kugz36mw-d6895bd922d0f19880820c96acd02ff7 .avia_textblock{\ncolor:#ffffff;\n}\n<\/style>\n<section  class='av_textblock_section av-kugz36mw-d6895bd922d0f19880820c96acd02ff7 '   itemscope=\"itemscope\" itemtype=\"https:\/\/schema.org\/CreativeWork\" ><div class='avia_textblock av_inherit_color'  itemprop=\"text\" ><p>Aby mohla spole\u010dnost Ascorium nab\u00edzet kompletn\u00ed \u0159e\u0161en\u00ed pro automobilov\u00fd pr\u016fmysl, vyvinula CompoLite\u00ae, p\u0159ekvapiv\u011b lehk\u00fd a rozm\u011brov\u011b stabiln\u00ed nosi\u010d z kompozitn\u00edho materi\u00e1lu. CompoLite\u00ae lze dokonale kombinovat s r\u016fzn\u00fdmi dekorativn\u00edmi materi\u00e1ly.<\/p>\n<p>Vlastnosti materi\u00e1lu CompoLite\u00ae jsou podobn\u00e9 nebo lep\u0161\u00ed ne\u017e u jin\u00fdch materi\u00e1l\u016f se stejn\u00fdm \u00fa\u010delem, ale s mnohem ni\u017e\u0161\u00ed hmotnost\u00ed, co\u017e z n\u011bj \u010din\u00ed udr\u017eitelnou alternativu.<\/p>\n<p>CompoLite\u00ae m\u00e1 v\u0161echny vlastnosti podobn\u00fdch v\u00fdrobk\u016f s podstatn\u011b ni\u017e\u0161\u00ed hmotnost\u00ed. CompoLite\u00ae proch\u00e1z\u00ed nejextr\u00e9mn\u011bj\u0161\u00edmi crash testy a m\u00e1 vynikaj\u00edc\u00ed schopnost absorbovat energii. Lze jej kombinovat se v\u0161emi druhy povrchov\u00fdch materi\u00e1l\u016f bez ohledu na to, zda se jedn\u00e1 o tvrd\u00e9 nebo m\u011bkk\u00e9 materi\u00e1ly, a lze jej zpracov\u00e1vat jednostup\u0148ov\u011b i v\u00edcestup\u0148ov\u011b.<\/p>\n<\/div><\/section><\/div>\n<style type=\"text\/css\" data-created_by=\"avia_inline_auto\" id=\"style-css-av-6lf1r7-2815d5b21862600fb61b5bc97229c59d\">\n#top .flex_column.av-6lf1r7-2815d5b21862600fb61b5bc97229c59d{\nmargin-top:0px;\nmargin-bottom:0px;\n}\n.flex_column.av-6lf1r7-2815d5b21862600fb61b5bc97229c59d{\nborder-radius:0px 0px 0px 0px;\npadding:0px 10% 0px 0px;\n}\n.responsive #top #wrap_all .flex_column.av-6lf1r7-2815d5b21862600fb61b5bc97229c59d{\nmargin-top:0px;\nmargin-bottom:0px;\n}\n<\/style>\n<div  class='flex_column av-6lf1r7-2815d5b21862600fb61b5bc97229c59d av_three_fifth  avia-builder-el-17  el_after_av_two_fifth  el_before_av_hr  flex_column_div av-animated-generic left-to-right  '     ><style type=\"text\/css\" data-created_by=\"avia_inline_auto\" id=\"style-css-av-dfzoz-1552df8b8c8cf08cf670d19f643d1f15\">\n.avia-video.av-dfzoz-1552df8b8c8cf08cf670d19f643d1f15{\nbackground-image:url(https:\/\/ascorium.com\/wp-content\/uploads\/2021\/12\/compolite-1.jpg);\n}\n<\/style>\n<div  class='avia-video av-dfzoz-1552df8b8c8cf08cf670d19f643d1f15 avia-video-16-9 av-preview-image avia-video-load-always av-lazyload-immediate av-lazyload-video-embed'  itemprop=\"video\" itemtype=\"https:\/\/schema.org\/VideoObject\"  data-original_url='https:\/\/youtu.be\/rRopGoDVEis'><script type='text\/html' class='av-video-tmpl'><div class='avia-iframe-wrap'><iframe loading=\"lazy\" title=\"CompoLite\u00ae\" width=\"1500\" height=\"844\" src=\"https:\/\/www.youtube.com\/embed\/rRopGoDVEis?feature=oembed&autoplay=0&loop=0&controls=0&mute=0\" frameborder=\"0\" allow=\"accelerometer; autoplay; clipboard-write; encrypted-media; gyroscope; picture-in-picture\" allowfullscreen><\/iframe><\/div><\/script><div class='av-click-to-play-overlay'><div class=\"avia_playpause_icon\"><\/div><\/div><\/div><\/div>\n<style type=\"text\/css\" data-created_by=\"avia_inline_auto\" id=\"style-css-av-38w21v-6d949614a183e14a347c7bfe6f871465\">\n#top .hr.hr-invisible.av-38w21v-6d949614a183e14a347c7bfe6f871465{\nheight:50px;\n}\n<\/style>\n<div  class='hr av-38w21v-6d949614a183e14a347c7bfe6f871465 hr-invisible  avia-builder-el-19  el_after_av_three_fifth  avia-builder-el-last '><span class='hr-inner '><span class=\"hr-inner-style\"><\/span><\/span><\/div>\n<\/p>\n","protected":false},"excerpt":{"rendered":"","protected":false},"author":2,"featured_media":0,"parent":0,"menu_order":0,"comment_status":"closed","ping_status":"closed","template":"","meta":{"footnotes":""},"class_list":["post-2038","page","type-page","status-publish","hentry"],"_links":{"self":[{"href":"https:\/\/ascorium.com\/cs\/wp-json\/wp\/v2\/pages\/2038","targetHints":{"allow":["GET"]}}],"collection":[{"href":"https:\/\/ascorium.com\/cs\/wp-json\/wp\/v2\/pages"}],"about":[{"href":"https:\/\/ascorium.com\/cs\/wp-json\/wp\/v2\/types\/page"}],"author":[{"embeddable":true,"href":"https:\/\/ascorium.com\/cs\/wp-json\/wp\/v2\/users\/2"}],"replies":[{"embeddable":true,"href":"https:\/\/ascorium.com\/cs\/wp-json\/wp\/v2\/comments?post=2038"}],"version-history":[{"count":26,"href":"https:\/\/ascorium.com\/cs\/wp-json\/wp\/v2\/pages\/2038\/revisions"}],"predecessor-version":[{"id":2619,"href":"https:\/\/ascorium.com\/cs\/wp-json\/wp\/v2\/pages\/2038\/revisions\/2619"}],"wp:attachment":[{"href":"https:\/\/ascorium.com\/cs\/wp-json\/wp\/v2\/media?parent=2038"}],"curies":[{"name":"wp","href":"https:\/\/api.w.org\/{rel}","templated":true}]}}