{"id":2418,"date":"2018-05-03T15:17:53","date_gmt":"2018-05-03T13:17:53","guid":{"rendered":"https:\/\/relaunch.ascorium.com\/our-lawyers\/"},"modified":"2025-07-29T09:42:15","modified_gmt":"2025-07-29T07:42:15","slug":"career","status":"publish","type":"page","link":"https:\/\/ascorium.com\/cs\/career\/","title":{"rendered":"KARI\u00c9RA"},"content":{"rendered":"\n<style type=\"text\/css\" data-created_by=\"avia_inline_auto\" id=\"style-css-av-145nae-707e2223a1afdd3b144a406a414b5cd5\">\n.avia-section.av-145nae-707e2223a1afdd3b144a406a414b5cd5{\nbackground-repeat:no-repeat;\nbackground-image:url(https:\/\/ascorium.com\/wp-content\/uploads\/2018\/05\/hero-skyscraper.jpg);\nbackground-position:50% 50%;\nbackground-attachment:scroll;\n}\n.avia-section.av-145nae-707e2223a1afdd3b144a406a414b5cd5 .av-section-color-overlay{\nopacity:0.6;\nbackground-color:#000000;\n}\n<\/style>\n<div id='av_section_1'  class='avia-section av-145nae-707e2223a1afdd3b144a406a414b5cd5 main_color avia-section-default avia-no-border-styling  avia-builder-el-0  el_before_av_layout_row  avia-builder-el-first  avia-full-stretch avia-bg-style-scroll av-section-color-overlay-active av-minimum-height av-minimum-height-50 av-height-50  container_wrap fullsize'  data-section-bg-repeat='stretch' data-av_minimum_height_pc='50' data-av_min_height_opt='50'><div class=\"av-section-color-overlay-wrap\"><div class=\"av-section-color-overlay\"><\/div><div class='container av-section-cont-open' ><main  role=\"main\" itemprop=\"mainContentOfPage\"  class='template-page content  av-content-full alpha units'><div class='post-entry post-entry-type-page post-entry-2418'><div class='entry-content-wrapper clearfix'>\n\n<style type=\"text\/css\" data-created_by=\"avia_inline_auto\" id=\"style-css-av-jgf3pjem-ee2a691ebc0a9a100bc99d372a9c72ca\">\n#top .flex_column.av-jgf3pjem-ee2a691ebc0a9a100bc99d372a9c72ca{\nmargin-top:0px;\nmargin-bottom:0px;\n}\n.flex_column.av-jgf3pjem-ee2a691ebc0a9a100bc99d372a9c72ca{\nborder-radius:0px 0px 0px 0px;\npadding:0px 0px 0px 0px;\n}\n.responsive #top #wrap_all .flex_column.av-jgf3pjem-ee2a691ebc0a9a100bc99d372a9c72ca{\nmargin-top:0px;\nmargin-bottom:0px;\n}\n<\/style>\n<div  class='flex_column av-jgf3pjem-ee2a691ebc0a9a100bc99d372a9c72ca av_one_full  avia-builder-el-1  avia-builder-el-no-sibling  first flex_column_div av-animated-generic left-to-right av-zero-column-padding  '     ><style type=\"text\/css\" data-created_by=\"avia_inline_auto\" id=\"style-css-av-jgwbymah-9da2b69492b62d0fb34c86732b03bb72\">\n#top .av-special-heading.av-jgwbymah-9da2b69492b62d0fb34c86732b03bb72{\nmargin:0 0 0 0;\npadding-bottom:0;\ncolor:#ffffff;\nfont-size:80px;\n}\nbody .av-special-heading.av-jgwbymah-9da2b69492b62d0fb34c86732b03bb72 .av-special-heading-tag .heading-char{\nfont-size:25px;\n}\n#top #wrap_all .av-special-heading.av-jgwbymah-9da2b69492b62d0fb34c86732b03bb72 .av-special-heading-tag{\nfont-size:80px;\n}\n.av-special-heading.av-jgwbymah-9da2b69492b62d0fb34c86732b03bb72 .special-heading-inner-border{\nborder-color:#ffffff;\n}\n.av-special-heading.av-jgwbymah-9da2b69492b62d0fb34c86732b03bb72 .av-subheading{\nfont-size:25px;\n}\n\n@media only screen and (min-width: 480px) and (max-width: 767px){ \n#top #wrap_all .av-special-heading.av-jgwbymah-9da2b69492b62d0fb34c86732b03bb72 .av-special-heading-tag{\nfont-size:0.8em;\n}\n}\n\n@media only screen and (max-width: 479px){ \n#top #wrap_all .av-special-heading.av-jgwbymah-9da2b69492b62d0fb34c86732b03bb72 .av-special-heading-tag{\nfont-size:0.8em;\n}\n}\n<\/style>\n<div  class='av-special-heading av-jgwbymah-9da2b69492b62d0fb34c86732b03bb72 av-special-heading-h2 custom-color-heading blockquote modern-quote modern-centered  avia-builder-el-2  avia-builder-el-no-sibling  av-inherit-size'><h2 class='av-special-heading-tag '  itemprop=\"headline\"  >P\u0159ipojte se k na\u0161emu t\u00fdmu<\/h2><div class=\"special-heading-border\"><div class=\"special-heading-inner-border\"><\/div><\/div><\/div><\/div>\n\n<\/div><\/div><\/main><!-- close content main element --><\/div><\/div><\/div><div id='av-layout-grid-1'  class='av-layout-grid-container av-m866m-cdd777e245ba04706387c31470b9f212 entry-content-wrapper main_color av-flex-cells  avia-builder-el-3  el_after_av_section  el_before_av_section  grid-row-not-first av-small-hide av-mini-hide container_wrap fullsize'  >\n\n<style type=\"text\/css\" data-created_by=\"avia_inline_auto\" id=\"style-css-av-hccpi-4ada51445710a3bd452a51f740bd1013\">\n.flex_cell.av-hccpi-4ada51445710a3bd452a51f740bd1013{\nvertical-align:middle;\n}\n.responsive #top #wrap_all .flex_cell.av-hccpi-4ada51445710a3bd452a51f740bd1013{\npadding:180px 60px 180px 60px !important;\n}\n<\/style>\n<div class='flex_cell av-hccpi-4ada51445710a3bd452a51f740bd1013 av-gridrow-cell av_one_half no_margin  avia-builder-el-4  el_before_av_cell_one_half  avia-builder-el-first  avia-full-stretch'  ><div class='flex_cell_inner'><p>\n<style type=\"text\/css\" data-created_by=\"avia_inline_auto\" id=\"style-css-av-ku6rwipi-ca038f9c90d886fbf9bbcab3f57355e6\">\n#top .av-special-heading.av-ku6rwipi-ca038f9c90d886fbf9bbcab3f57355e6{\nmargin:15px 0 0 0;\npadding-bottom:10px;\ncolor:#eeee22;\n}\nbody .av-special-heading.av-ku6rwipi-ca038f9c90d886fbf9bbcab3f57355e6 .av-special-heading-tag .heading-char{\nfont-size:25px;\n}\n.av-special-heading.av-ku6rwipi-ca038f9c90d886fbf9bbcab3f57355e6 .special-heading-inner-border{\nborder-color:#eeee22;\n}\n.av-special-heading.av-ku6rwipi-ca038f9c90d886fbf9bbcab3f57355e6 .av-subheading{\nfont-size:15px;\n}\n<\/style>\n<div  class='av-special-heading av-ku6rwipi-ca038f9c90d886fbf9bbcab3f57355e6 av-special-heading-h2 custom-color-heading blockquote modern-quote  avia-builder-el-5  el_before_av_textblock  avia-builder-el-first '><h2 class='av-special-heading-tag '  itemprop=\"headline\"  >Kari\u00e9ra ve spole\u010dnosti Ascorium<\/h2><div class=\"special-heading-border\"><div class=\"special-heading-inner-border\"><\/div><\/div><\/div><br \/>\n<section  class='av_textblock_section av-9tnc6-07000850abd7c40be534ccc9e7412c76 '   itemscope=\"itemscope\" itemtype=\"https:\/\/schema.org\/CreativeWork\" ><div class='avia_textblock'  itemprop=\"text\" ><p>V\u011brni na\u0161emu mottu, \u017ee se o v\u00e1s postar\u00e1me, db\u00e1me na to, aby bylo o v\u0161echny &#8220;Ascoriany&#8221; dob\u0159e postar\u00e1no, a klademe d\u016fraz na lidskou str\u00e1nku lidsk\u00fdch zdroj\u016f.<\/p>\n<p>Je to vzru\u0161uj\u00edc\u00ed podnik\u00e1n\u00ed a spole\u010dnost Ascorium je na jeho \u0161pici. Je tak\u00e9 nesm\u00edrn\u011b mnohostrann\u00fd a v\u017edy je v n\u011bm m\u00edsto pro nad\u0161en\u00ed a energii. To znamen\u00e1, \u017ee v\u00e1m m\u016f\u017eeme nab\u00eddnout p\u0159\u00edle\u017eitosti k r\u016fstu a rozvoji ve v\u0161ech na\u0161ich oblastech.<\/p>\n<\/div><\/section><\/p>\n<\/div><\/div>\n<style type=\"text\/css\" data-created_by=\"avia_inline_auto\" id=\"style-css-av-ku6ryzlt-c761f1b17d1a3afe43daefa1d852f833\">\n.flex_cell.av-ku6ryzlt-c761f1b17d1a3afe43daefa1d852f833{\nvertical-align:middle;\nbackground:url(https:\/\/ascorium.com\/wp-content\/uploads\/2022\/01\/career-team.jpg) 50% 0% no-repeat scroll ;\n}\n.responsive #top #wrap_all .flex_cell.av-ku6ryzlt-c761f1b17d1a3afe43daefa1d852f833{\npadding:180px 60px 180px 60px !important;\n}\n<\/style>\n<div class='flex_cell av-ku6ryzlt-c761f1b17d1a3afe43daefa1d852f833 av-gridrow-cell av_one_half no_margin  avia-builder-el-7  el_after_av_cell_one_half  avia-builder-el-last  avia-full-stretch'  ><div class='flex_cell_inner'><\/div><\/div>\n<\/div>\n\n<style type=\"text\/css\" data-created_by=\"avia_inline_auto\" id=\"style-css-av-kuqzu6iw-4da6a354b306cf3c5cd3de225fdf48c1\">\n.avia-section.av-kuqzu6iw-4da6a354b306cf3c5cd3de225fdf48c1{\nbackground-color:#ffffff;\nbackground-image:unset;\n}\n<\/style>\n<div id='mobile'  class='avia-section av-kuqzu6iw-4da6a354b306cf3c5cd3de225fdf48c1 main_color avia-section-small avia-no-border-styling  avia-builder-el-8  el_after_av_layout_row  el_before_av_section  av-desktop-hide av-medium-hide avia-bg-style-scroll container_wrap fullsize'  ><div class='container av-section-cont-open' ><div class='template-page content  av-content-full alpha units'><div class='post-entry post-entry-type-page post-entry-2418'><div class='entry-content-wrapper clearfix'>\n<div  class='flex_column av-fho8u-c6660a5fa4ef5186435fbb188b697f90 av_one_half  avia-builder-el-9  el_before_av_one_half  avia-builder-el-first  first flex_column_div  '     ><p>\n<style type=\"text\/css\" data-created_by=\"avia_inline_auto\" id=\"style-css-av-lnt5q-687e346fa0401acdbaef3cfada50628d\">\n#top .av-special-heading.av-lnt5q-687e346fa0401acdbaef3cfada50628d{\nmargin:15px 0 0 0;\npadding-bottom:10px;\ncolor:#eeee22;\n}\nbody .av-special-heading.av-lnt5q-687e346fa0401acdbaef3cfada50628d .av-special-heading-tag .heading-char{\nfont-size:25px;\n}\n.av-special-heading.av-lnt5q-687e346fa0401acdbaef3cfada50628d .special-heading-inner-border{\nborder-color:#eeee22;\n}\n.av-special-heading.av-lnt5q-687e346fa0401acdbaef3cfada50628d .av-subheading{\nfont-size:15px;\n}\n<\/style>\n<div  class='av-special-heading av-lnt5q-687e346fa0401acdbaef3cfada50628d av-special-heading-h2 custom-color-heading blockquote modern-quote  avia-builder-el-10  el_before_av_textblock  avia-builder-el-first '><h2 class='av-special-heading-tag '  itemprop=\"headline\"  >Kari\u00e9ra ve spole\u010dnosti Ascorium<\/h2><div class=\"special-heading-border\"><div class=\"special-heading-inner-border\"><\/div><\/div><\/div><br \/>\n<section  class='av_textblock_section av-ebcbq-a98a3cc666052f81060850c3816a6edc '   itemscope=\"itemscope\" itemtype=\"https:\/\/schema.org\/CreativeWork\" ><div class='avia_textblock'  itemprop=\"text\" ><p>V\u011brni na\u0161emu mottu, \u017ee se o v\u00e1s postar\u00e1me, db\u00e1me na to, aby bylo o v\u0161echny &#8220;Ascoriany&#8221; dob\u0159e postar\u00e1no, a klademe d\u016fraz na lidskou str\u00e1nku lidsk\u00fdch zdroj\u016f.<\/p>\n<p>Je to vzru\u0161uj\u00edc\u00ed podnik\u00e1n\u00ed a spole\u010dnost Ascorium je na jeho \u0161pici. Je tak\u00e9 nesm\u00edrn\u011b mnohostrann\u00fd a v\u017edy je v n\u011bm m\u00edsto pro nad\u0161en\u00ed a energii. To znamen\u00e1, \u017ee v\u00e1m m\u016f\u017eeme nab\u00eddnout p\u0159\u00edle\u017eitosti k r\u016fstu a rozvoji ve v\u0161ech na\u0161ich oblastech.<\/p>\n<\/div><\/section><\/p><\/div><div  class='flex_column av-72v0e-ce79324787abcf783493910d961cc25c av_one_half  avia-builder-el-12  el_after_av_one_half  avia-builder-el-last  flex_column_div  '     ><style type=\"text\/css\" data-created_by=\"avia_inline_auto\" id=\"style-css-av-kuqzvbao-e87a87b096725708a2ba8330ecb38d3a\">\n.avia-image-container.av-kuqzvbao-e87a87b096725708a2ba8330ecb38d3a img.avia_image{\nbox-shadow:none;\n}\n.avia-image-container.av-kuqzvbao-e87a87b096725708a2ba8330ecb38d3a .av-image-caption-overlay-center{\ncolor:#ffffff;\n}\n<\/style>\n<div  class='avia-image-container av-kuqzvbao-e87a87b096725708a2ba8330ecb38d3a av-styling- avia-align-center  avia-builder-el-13  avia-builder-el-no-sibling '   itemprop=\"image\" itemscope=\"itemscope\" itemtype=\"https:\/\/schema.org\/ImageObject\" ><div class=\"avia-image-container-inner\"><div class=\"avia-image-overlay-wrap\"><img decoding=\"async\" fetchpriority=\"high\" class='wp-image-3387 avia-img-lazy-loading-not-3387 avia_image ' src=\"https:\/\/ascorium.com\/wp-content\/uploads\/2022\/01\/career-team.jpg\" alt='' title='career-team'  height=\"862\" width=\"1040\"  itemprop=\"thumbnailUrl\" srcset=\"https:\/\/ascorium.com\/wp-content\/uploads\/2022\/01\/career-team.jpg 1040w, https:\/\/ascorium.com\/wp-content\/uploads\/2022\/01\/career-team-300x249.jpg 300w, https:\/\/ascorium.com\/wp-content\/uploads\/2022\/01\/career-team-1024x849.jpg 1024w, https:\/\/ascorium.com\/wp-content\/uploads\/2022\/01\/career-team-768x637.jpg 768w, https:\/\/ascorium.com\/wp-content\/uploads\/2022\/01\/career-team-705x584.jpg 705w\" sizes=\"(max-width: 1040px) 100vw, 1040px\" \/><\/div><\/div><\/div><\/div>\n\n<\/div><\/div><\/div><!-- close content main div --><\/div><\/div>\n<style type=\"text\/css\" data-created_by=\"avia_inline_auto\" id=\"style-css-av-kuqzxu2k-0234cf0345f54d9c172efa11c72ac8e9\">\n.avia-section.av-kuqzxu2k-0234cf0345f54d9c172efa11c72ac8e9{\nbackground-color:#ffffff;\nbackground-image:unset;\n}\n<\/style>\n<div id='mobile'  class='avia-section av-kuqzxu2k-0234cf0345f54d9c172efa11c72ac8e9 main_color avia-section-huge avia-no-border-styling  avia-builder-el-14  el_after_av_section  el_before_av_hr  avia-bg-style-scroll container_wrap fullsize'  ><div class='container av-section-cont-open' ><div class='template-page content  av-content-full alpha units'><div class='post-entry post-entry-type-page post-entry-2418'><div class='entry-content-wrapper clearfix'>\n\n<style type=\"text\/css\" data-created_by=\"avia_inline_auto\" id=\"style-css-av-1warae-63e125540b10417c72290adccd4888c7\">\n#top .flex_column.av-1warae-63e125540b10417c72290adccd4888c7{\nmargin-top:0px;\nmargin-bottom:0px;\n}\n.flex_column.av-1warae-63e125540b10417c72290adccd4888c7{\nborder-radius:3px 3px 3px 3px;\npadding:0px 0px 0px 0px;\n}\n.responsive #top #wrap_all .flex_column.av-1warae-63e125540b10417c72290adccd4888c7{\nmargin-top:0px;\nmargin-bottom:0px;\n}\n<\/style>\n<div  class='flex_column av-1warae-63e125540b10417c72290adccd4888c7 av_one_full  avia-builder-el-15  el_before_av_hr  avia-builder-el-first  first flex_column_div av-animated-generic left-to-right av-zero-column-padding  '     ><style type=\"text\/css\" data-created_by=\"avia_inline_auto\" id=\"style-css-av-1paxpa-5a13c68dfbf21f3aaa0afb19fd084918\">\n#top .av-special-heading.av-1paxpa-5a13c68dfbf21f3aaa0afb19fd084918{\nmargin:15px 0 0 0;\npadding-bottom:10px;\n}\nbody .av-special-heading.av-1paxpa-5a13c68dfbf21f3aaa0afb19fd084918 .av-special-heading-tag .heading-char{\nfont-size:25px;\n}\n.av-special-heading.av-1paxpa-5a13c68dfbf21f3aaa0afb19fd084918 .av-subheading{\nfont-size:15px;\n}\n<\/style>\n<div  class='av-special-heading av-1paxpa-5a13c68dfbf21f3aaa0afb19fd084918 av-special-heading-h1 custom-color-heading blockquote modern-quote  avia-builder-el-16  avia-builder-el-no-sibling '><h1 class='av-special-heading-tag '  itemprop=\"headline\"  >K dispozici jsou n\u00e1sleduj\u00edc\u00ed voln\u00e1 pracovn\u00ed m\u00edsta<\/h1><div class=\"special-heading-border\"><div class=\"special-heading-inner-border\"><\/div><\/div><\/div><\/div>\n<style type=\"text\/css\" data-created_by=\"avia_inline_auto\" id=\"style-css-av-7cww6-e5913509ef3605e3a97eaee5d3eb3fc6\">\n#top .hr.hr-invisible.av-7cww6-e5913509ef3605e3a97eaee5d3eb3fc6{\nheight:20px;\n}\n<\/style>\n<div  class='hr av-7cww6-e5913509ef3605e3a97eaee5d3eb3fc6 hr-invisible  avia-builder-el-17  el_after_av_one_full  el_before_av_one_third '><span class='hr-inner '><span class=\"hr-inner-style\"><\/span><\/span><\/div>\n<div  class='flex_column av-p7any-19566418091c5348675a1f600ecf54ee av_one_third  avia-builder-el-18  el_after_av_hr  el_before_av_one_third  first flex_column_div  '     ><p>\n<style type=\"text\/css\" data-created_by=\"avia_inline_auto\" id=\"style-css-av-8tura-a6783d5c9bf58a5cab37b434679e1955\">\n#top .av-special-heading.av-8tura-a6783d5c9bf58a5cab37b434679e1955{\nmargin:15px 0 0 0;\npadding-bottom:10px;\ncolor:#eeee22;\n}\nbody .av-special-heading.av-8tura-a6783d5c9bf58a5cab37b434679e1955 .av-special-heading-tag .heading-char{\nfont-size:25px;\n}\n.av-special-heading.av-8tura-a6783d5c9bf58a5cab37b434679e1955 .special-heading-inner-border{\nborder-color:#eeee22;\n}\n.av-special-heading.av-8tura-a6783d5c9bf58a5cab37b434679e1955 .av-subheading{\nfont-size:15px;\ncolor:#000000;\n}\n<\/style>\n<div  class='av-special-heading av-8tura-a6783d5c9bf58a5cab37b434679e1955 av-special-heading-h2 custom-color-heading blockquote modern-quote  avia-builder-el-19  el_before_av_toggle_container  avia-builder-el-first '><h2 class='av-special-heading-tag '  itemprop=\"headline\"  >Evropa<\/h2><div class='av_custom_color av-subheading av-subheading_below'><p>V tomto regionu nyn\u00ed nejsou \u017e\u00e1dn\u00e1 voln\u00e1 pracovn\u00ed m\u00edsta.<\/p>\n<\/div><div class=\"special-heading-border\"><div class=\"special-heading-inner-border\"><\/div><\/div><\/div><br \/>\n\n<style type=\"text\/css\" data-created_by=\"avia_inline_auto\" id=\"style-css-av-mdo7w19s-f7ad4ae9e1ef051dbc8feb0802923ba0\">\n#top .togglecontainer.av-mdo7w19s-f7ad4ae9e1ef051dbc8feb0802923ba0 p.toggler{\nbackground-color:#eeeeee;\n}\n#top .togglecontainer.av-mdo7w19s-f7ad4ae9e1ef051dbc8feb0802923ba0 p.toggler:not(.activeTitle):hover{\nbackground-color:#000000;\n}\n#top .togglecontainer.av-mdo7w19s-f7ad4ae9e1ef051dbc8feb0802923ba0 p.toggler:not(.activeTitle):hover .toggle_icon, #top .togglecontainer.av-mdo7w19s-f7ad4ae9e1ef051dbc8feb0802923ba0 p.toggler:not(.activeTitle):hover .toggle_icon *{\nborder-color: !important;\n}\n#top .togglecontainer.av-mdo7w19s-f7ad4ae9e1ef051dbc8feb0802923ba0 .toggle_wrap .toggle_content{\nbackground-color:#eeeeee;\n}\n<\/style>\n<div  class='togglecontainer av-mdo7w19s-f7ad4ae9e1ef051dbc8feb0802923ba0  avia-builder-el-20  el_after_av_heading  avia-builder-el-last  toggle_close_all' ><\/div><\/p><\/div><div  class='flex_column av-2w9lhi-8be670f35d43aec5aa5fee33e83b61d6 av_one_third  avia-builder-el-21  el_after_av_one_third  el_before_av_one_third  flex_column_div  '     ><p>\n<style type=\"text\/css\" data-created_by=\"avia_inline_auto\" id=\"style-css-av-mdo7w7gi-b36af6296cbbc52c93e1ca1688a35917\">\n#top .av-special-heading.av-mdo7w7gi-b36af6296cbbc52c93e1ca1688a35917{\nmargin:15px 0 0 0;\npadding-bottom:10px;\ncolor:#eeee22;\n}\nbody .av-special-heading.av-mdo7w7gi-b36af6296cbbc52c93e1ca1688a35917 .av-special-heading-tag .heading-char{\nfont-size:25px;\n}\n.av-special-heading.av-mdo7w7gi-b36af6296cbbc52c93e1ca1688a35917 .special-heading-inner-border{\nborder-color:#eeee22;\n}\n.av-special-heading.av-mdo7w7gi-b36af6296cbbc52c93e1ca1688a35917 .av-subheading{\nfont-size:15px;\ncolor:#000000;\n}\n<\/style>\n<div  class='av-special-heading av-mdo7w7gi-b36af6296cbbc52c93e1ca1688a35917 av-special-heading-h2 custom-color-heading blockquote modern-quote  avia-builder-el-22  el_before_av_toggle_container  avia-builder-el-first '><h2 class='av-special-heading-tag '  itemprop=\"headline\"  >Asie<\/h2><div class='av_custom_color av-subheading av-subheading_below'><p>V tomto regionu nyn\u00ed nejsou \u017e\u00e1dn\u00e1 voln\u00e1 pracovn\u00ed m\u00edsta.<\/p>\n<\/div><div class=\"special-heading-border\"><div class=\"special-heading-inner-border\"><\/div><\/div><\/div><br \/>\n\n<style type=\"text\/css\" data-created_by=\"avia_inline_auto\" id=\"style-css-av-kunymhe6-e67162996b76bfb93b3201bb274f520c\">\n#top .togglecontainer.av-kunymhe6-e67162996b76bfb93b3201bb274f520c p.toggler{\nbackground-color:#eeeeee;\n}\n#top .togglecontainer.av-kunymhe6-e67162996b76bfb93b3201bb274f520c p.toggler:not(.activeTitle):hover{\nbackground-color:#000000;\n}\n#top .togglecontainer.av-kunymhe6-e67162996b76bfb93b3201bb274f520c p.toggler:not(.activeTitle):hover .toggle_icon, #top .togglecontainer.av-kunymhe6-e67162996b76bfb93b3201bb274f520c p.toggler:not(.activeTitle):hover .toggle_icon *{\nborder-color: !important;\n}\n#top .togglecontainer.av-kunymhe6-e67162996b76bfb93b3201bb274f520c .toggle_wrap .toggle_content{\nbackground-color:#eeeeee;\n}\n<\/style>\n<div  class='togglecontainer av-kunymhe6-e67162996b76bfb93b3201bb274f520c  avia-builder-el-23  el_after_av_heading  avia-builder-el-last  av-desktop-hide av-medium-hide av-small-hide av-mini-hide toggle_close_all' ><\/div><\/p><\/div><div  class='flex_column av-1fxdp2-c491527b9d3e3ff6f318afebf1976387 av_one_third  avia-builder-el-24  el_after_av_one_third  el_before_av_hr  flex_column_div  '     ><p>\n<style type=\"text\/css\" data-created_by=\"avia_inline_auto\" id=\"style-css-av-ky347zyl-ce9c1a160052968566c57fc7d52ab42a\">\n#top .av-special-heading.av-ky347zyl-ce9c1a160052968566c57fc7d52ab42a{\nmargin:15px 0 0 0;\npadding-bottom:10px;\ncolor:#eeee22;\n}\nbody .av-special-heading.av-ky347zyl-ce9c1a160052968566c57fc7d52ab42a .av-special-heading-tag .heading-char{\nfont-size:25px;\n}\n.av-special-heading.av-ky347zyl-ce9c1a160052968566c57fc7d52ab42a .special-heading-inner-border{\nborder-color:#eeee22;\n}\n.av-special-heading.av-ky347zyl-ce9c1a160052968566c57fc7d52ab42a .av-subheading{\nfont-size:15px;\ncolor:#000000;\n}\n<\/style>\n<div  class='av-special-heading av-ky347zyl-ce9c1a160052968566c57fc7d52ab42a av-special-heading-h2 custom-color-heading blockquote modern-quote  avia-builder-el-25  el_before_av_toggle_container  avia-builder-el-first '><h2 class='av-special-heading-tag '  itemprop=\"headline\"  >Amerika<\/h2><div class='av_custom_color av-subheading av-subheading_below'><p>V tomto regionu nyn\u00ed nejsou \u017e\u00e1dn\u00e1 voln\u00e1 pracovn\u00ed m\u00edsta.<\/p>\n<\/div><div class=\"special-heading-border\"><div class=\"special-heading-inner-border\"><\/div><\/div><\/div><br \/>\n\n<style type=\"text\/css\" data-created_by=\"avia_inline_auto\" id=\"style-css-av-19ddjy-a1716855e9dd4e5e50d61db12e46fd27\">\n#top .togglecontainer.av-19ddjy-a1716855e9dd4e5e50d61db12e46fd27 p.toggler{\nbackground-color:#eeeeee;\n}\n#top .togglecontainer.av-19ddjy-a1716855e9dd4e5e50d61db12e46fd27 p.toggler:not(.activeTitle):hover{\nbackground-color:#000000;\n}\n#top .togglecontainer.av-19ddjy-a1716855e9dd4e5e50d61db12e46fd27 p.toggler:not(.activeTitle):hover .toggle_icon, #top .togglecontainer.av-19ddjy-a1716855e9dd4e5e50d61db12e46fd27 p.toggler:not(.activeTitle):hover .toggle_icon *{\nborder-color: !important;\n}\n#top .togglecontainer.av-19ddjy-a1716855e9dd4e5e50d61db12e46fd27 .toggle_wrap .toggle_content{\nbackground-color:#eeeeee;\n}\n<\/style>\n<div  class='togglecontainer av-19ddjy-a1716855e9dd4e5e50d61db12e46fd27  avia-builder-el-26  el_after_av_heading  avia-builder-el-last  av-desktop-hide av-medium-hide av-small-hide av-mini-hide toggle_close_all' >\n<section class='av_toggle_section av-av_toggle-195ec2f35a61de95aedca0d8e867dda1'  itemscope=\"itemscope\" itemtype=\"https:\/\/schema.org\/CreativeWork\" ><div role=\"tablist\" class=\"single_toggle\" data-tags=\"{All} \"  ><p id='toggle-toggle-id-1' data-fake-id='#toggle-id-1' class='toggler  av-title-above '  itemprop=\"headline\"  role='tab' tabindex='0' aria-controls='toggle-id-1' data-slide-speed=\"200\" data-title=\"Toggle Title\" data-title-open=\"\" data-aria_collapsed=\"Click to expand: Toggle Title\" data-aria_expanded=\"Click to collapse: Toggle Title\">Toggle Title<span class=\"toggle_icon\"><span class=\"vert_icon\"><\/span><span class=\"hor_icon\"><\/span><\/span><\/p><div id='toggle-id-1' aria-labelledby='toggle-toggle-id-1' role='region' class='toggle_wrap  av-title-above'  ><div class='toggle_content invers-color '  itemprop=\"text\" ><p>Toggle Content goes here<\/p>\n<\/div><\/div><\/div><\/section>\n<\/div><\/p><\/div>\n<style type=\"text\/css\" data-created_by=\"avia_inline_auto\" id=\"style-css-av-7ns3i-ed76c0afd59ba8c7192e306d87eb637d\">\n#top .hr.hr-invisible.av-7ns3i-ed76c0afd59ba8c7192e306d87eb637d{\nheight:100px;\n}\n<\/style>\n<div  class='hr av-7ns3i-ed76c0afd59ba8c7192e306d87eb637d hr-invisible  avia-builder-el-27  el_after_av_one_third  el_before_av_one_fourth '><span class='hr-inner '><span class=\"hr-inner-style\"><\/span><\/span><\/div>\n<div  class='flex_column av-iye7q-10312bc11fb362eee612ad75b0e0dc7b av_one_fourth  avia-builder-el-28  el_after_av_hr  el_before_av_one_half  first flex_column_div  '     ><\/div><div  class='flex_column av-fx1hi-4dae21772a92abee0298a5d57fe2d2af av_one_half  avia-builder-el-29  el_after_av_one_fourth  el_before_av_one_fourth  flex_column_div  '     ><\/div><div  class='flex_column av-8ednq-a9d1a52155dadd4ee52493ad9c9ab6ae av_one_fourth  avia-builder-el-31  el_after_av_one_half  avia-builder-el-last  flex_column_div  '     ><\/div><\/div><\/div><\/div><!-- close content main div --><\/div><\/div><div id='after_section_3'  class='main_color av_default_container_wrap container_wrap fullsize'  ><div class='container av-section-cont-open' ><div class='template-page content  av-content-full alpha units'><div class='post-entry post-entry-type-page post-entry-2418'><div class='entry-content-wrapper clearfix'>\n<style type=\"text\/css\" data-created_by=\"avia_inline_auto\" id=\"style-css-av-ab6ie-f8f3630021f3b90df15e3d445ee0dba8\">\n#top .hr.hr-invisible.av-ab6ie-f8f3630021f3b90df15e3d445ee0dba8{\nheight:100px;\n}\n<\/style>\n<div  class='hr av-ab6ie-f8f3630021f3b90df15e3d445ee0dba8 hr-invisible  avia-builder-el-32  el_after_av_section  avia-builder-el-no-sibling '><span class='hr-inner '><span class=\"hr-inner-style\"><\/span><\/span><\/div><\/p>\n","protected":false},"excerpt":{"rendered":"","protected":false},"author":1,"featured_media":0,"parent":0,"menu_order":0,"comment_status":"closed","ping_status":"closed","template":"","meta":{"footnotes":""},"class_list":["post-2418","page","type-page","status-publish","hentry"],"_links":{"self":[{"href":"https:\/\/ascorium.com\/cs\/wp-json\/wp\/v2\/pages\/2418","targetHints":{"allow":["GET"]}}],"collection":[{"href":"https:\/\/ascorium.com\/cs\/wp-json\/wp\/v2\/pages"}],"about":[{"href":"https:\/\/ascorium.com\/cs\/wp-json\/wp\/v2\/types\/page"}],"author":[{"embeddable":true,"href":"https:\/\/ascorium.com\/cs\/wp-json\/wp\/v2\/users\/1"}],"replies":[{"embeddable":true,"href":"https:\/\/ascorium.com\/cs\/wp-json\/wp\/v2\/comments?post=2418"}],"version-history":[{"count":32,"href":"https:\/\/ascorium.com\/cs\/wp-json\/wp\/v2\/pages\/2418\/revisions"}],"predecessor-version":[{"id":6337,"href":"https:\/\/ascorium.com\/cs\/wp-json\/wp\/v2\/pages\/2418\/revisions\/6337"}],"wp:attachment":[{"href":"https:\/\/ascorium.com\/cs\/wp-json\/wp\/v2\/media?parent=2418"}],"curies":[{"name":"wp","href":"https:\/\/api.w.org\/{rel}","templated":true}]}}