{"id":2448,"date":"2018-04-03T07:06:47","date_gmt":"2018-04-03T05:06:47","guid":{"rendered":"https:\/\/relaunch.ascorium.com\/news\/"},"modified":"2023-08-30T08:41:56","modified_gmt":"2023-08-30T06:41:56","slug":"news","status":"publish","type":"page","link":"https:\/\/ascorium.com\/cs\/news\/","title":{"rendered":"Zpr\u00e1vy"},"content":{"rendered":"\n<style type=\"text\/css\" data-created_by=\"avia_inline_auto\" id=\"style-css-av-145nae-c1f566c8929d9cc453d0122c50b3c3cf\">\n.avia-section.av-145nae-c1f566c8929d9cc453d0122c50b3c3cf{\nbackground-repeat:no-repeat;\nbackground-image:url(https:\/\/ascorium.com\/wp-content\/uploads\/2021\/09\/05-7-3-Volvo-S60-Detail.jpg);\nbackground-position:50% 50%;\nbackground-attachment:scroll;\n}\n.avia-section.av-145nae-c1f566c8929d9cc453d0122c50b3c3cf .av-section-color-overlay{\nopacity:0.6;\nbackground-color:#000000;\n}\n<\/style>\n<div id='av_section_1'  class='avia-section av-145nae-c1f566c8929d9cc453d0122c50b3c3cf main_color avia-section-default avia-no-border-styling  avia-builder-el-0  el_before_av_one_full  avia-builder-el-first  avia-full-stretch avia-bg-style-scroll av-section-color-overlay-active av-minimum-height av-minimum-height-50 av-height-50  container_wrap fullsize'  data-section-bg-repeat='stretch' data-av_minimum_height_pc='50' data-av_min_height_opt='50'><div class=\"av-section-color-overlay-wrap\"><div class=\"av-section-color-overlay\"><\/div><div class='container av-section-cont-open' ><main  role=\"main\" itemprop=\"mainContentOfPage\"  class='template-page content  av-content-full alpha units'><div class='post-entry post-entry-type-page post-entry-2448'><div class='entry-content-wrapper clearfix'>\n\n<style type=\"text\/css\" data-created_by=\"avia_inline_auto\" id=\"style-css-av-jgf3pjem-ee2a691ebc0a9a100bc99d372a9c72ca\">\n#top .flex_column.av-jgf3pjem-ee2a691ebc0a9a100bc99d372a9c72ca{\nmargin-top:0px;\nmargin-bottom:0px;\n}\n.flex_column.av-jgf3pjem-ee2a691ebc0a9a100bc99d372a9c72ca{\nborder-radius:0px 0px 0px 0px;\npadding:0px 0px 0px 0px;\n}\n.responsive #top #wrap_all .flex_column.av-jgf3pjem-ee2a691ebc0a9a100bc99d372a9c72ca{\nmargin-top:0px;\nmargin-bottom:0px;\n}\n<\/style>\n<div  class='flex_column av-jgf3pjem-ee2a691ebc0a9a100bc99d372a9c72ca av_one_full  avia-builder-el-1  avia-builder-el-no-sibling  first flex_column_div av-animated-generic left-to-right av-zero-column-padding  '     ><style type=\"text\/css\" data-created_by=\"avia_inline_auto\" id=\"style-css-av-jgwcagpn-0fc27c0075319b5f7684dfbd9c698805\">\n#top .av-special-heading.av-jgwcagpn-0fc27c0075319b5f7684dfbd9c698805{\nmargin:0 0 0 0;\npadding-bottom:0;\ncolor:#ffffff;\nfont-size:5vw;\n}\nbody .av-special-heading.av-jgwcagpn-0fc27c0075319b5f7684dfbd9c698805 .av-special-heading-tag .heading-char{\nfont-size:25px;\n}\n#top #wrap_all .av-special-heading.av-jgwcagpn-0fc27c0075319b5f7684dfbd9c698805 .av-special-heading-tag{\nfont-size:5vw;\n}\n.av-special-heading.av-jgwcagpn-0fc27c0075319b5f7684dfbd9c698805 .special-heading-inner-border{\nborder-color:#ffffff;\n}\n.av-special-heading.av-jgwcagpn-0fc27c0075319b5f7684dfbd9c698805 .av-subheading{\nfont-size:25px;\n}\n\n@media only screen and (min-width: 480px) and (max-width: 767px){ \n#top #wrap_all .av-special-heading.av-jgwcagpn-0fc27c0075319b5f7684dfbd9c698805 .av-special-heading-tag{\nfont-size:80px;\n}\n}\n\n@media only screen and (max-width: 479px){ \n#top #wrap_all .av-special-heading.av-jgwcagpn-0fc27c0075319b5f7684dfbd9c698805 .av-special-heading-tag{\nfont-size:70px;\n}\n}\n<\/style>\n<div  class='av-special-heading av-jgwcagpn-0fc27c0075319b5f7684dfbd9c698805 av-special-heading-h2 custom-color-heading blockquote modern-quote modern-centered  avia-builder-el-2  avia-builder-el-no-sibling  av-inherit-size'><h2 class='av-special-heading-tag '  itemprop=\"headline\"  >Nejnov\u011bj\u0161\u00ed zpravodajstv\u00ed<\/h2><div class=\"special-heading-border\"><div class=\"special-heading-inner-border\"><\/div><\/div><\/div><\/div>\n<\/div><\/div><\/main><!-- close content main element --><\/div><\/div><\/div><div id='after_section_1'  class='main_color av_default_container_wrap container_wrap fullsize'  ><div class='container av-section-cont-open' ><div class='template-page content  av-content-full alpha units'><div class='post-entry post-entry-type-page post-entry-2448'><div class='entry-content-wrapper clearfix'>\n\n<style type=\"text\/css\" data-created_by=\"avia_inline_auto\" id=\"style-css-av-jfg5nepn-bd97e5ba368539c77ab80242598ca79d\">\n#top .flex_column.av-jfg5nepn-bd97e5ba368539c77ab80242598ca79d{\nmargin-top:0px;\nmargin-bottom:0px;\n}\n.flex_column.av-jfg5nepn-bd97e5ba368539c77ab80242598ca79d{\nborder-radius:0px 0px 0px 0px;\npadding:0px 0px 0px 0px;\n}\n.responsive #top #wrap_all .flex_column.av-jfg5nepn-bd97e5ba368539c77ab80242598ca79d{\nmargin-top:0px;\nmargin-bottom:0px;\n}\n<\/style>\n<div  class='flex_column av-jfg5nepn-bd97e5ba368539c77ab80242598ca79d av_one_full  avia-builder-el-3  el_after_av_section  avia-builder-el-no-sibling  first flex_column_div av-animated-generic fade-in av-zero-column-padding  '     ><div id='av-masonry-1' class='av-masonry av-jfjbn9h2-60bbe14cf0b7c1519ab8d4c7b7e65bc3 noHover av-fixed-size av-large-gap av-hover-overlay-active av-masonry-animation-active av-masonry-col-4 av-caption-always av-caption-style- av-masonry-entries av-orientation-portrait-large ' data-post_id=\"2448\"><div class=\"av-masonry-container isotope av-js-disabled\"><div class='av-masonry-entry isotope-item av-masonry-item-no-image '><\/div><a href=\"https:\/\/ascorium.com\/cs\/2022\/12\/09\/our-innovation-function-surface\/\"  id='av-masonry-1-item-4622' data-av-masonry-item='4622' class='av-masonry-entry isotope-item post-4622 post type-post status-publish format-video has-post-thumbnail hentry category-zpravy tag-color-cs tag-grain-cs tag-haptic-cs tag-surfaces-cs post_format-post-format-video  av-masonry-item-with-image' title=\"ls-slider-1-slide-1\"   itemscope=\"itemscope\" itemtype=\"https:\/\/schema.org\/CreativeWork\" ><div class='av-inner-masonry-sizer'><\/div><figure class='av-inner-masonry main_color'><div class=\"av-masonry-outerimage-container\"><div class='av-masonry-image-container' style=\"background-image: url(https:\/\/ascorium.com\/wp-content\/uploads\/2021\/09\/ls-slider-1-slide-1-705x470.jpg);\"  title=\"ls-slider-1-slide-1\" ><\/div><\/div><figcaption class='av-inner-masonry-content site-background'><div class='av-inner-masonry-content-pos'><div class='av-inner-masonry-content-pos-content'><div class='avia-arrow'><\/div><span class='av-icon-display av-masonry-media' aria-hidden='true' data-av_icon='\ue80d' data-av_iconfont='entypo-fontello'><\/span><h3 class='av-masonry-entry-title entry-title '  itemprop=\"headline\" >Na\u0161e inovace &#8211; Funk\u010dn\u00ed plocha<\/h3><div class='av-masonry-entry-content entry-content'  itemprop=\"text\" >Ascorium Industries \u2013 we\u2019ve got you covered!<\/div><span class='av-masonry-date meta-color updated'>9. prosince 2022<\/span><span class=\"av-masonry-text-sep text-sep-author\">\/<\/span><span class='av-masonry-author meta-color author'><span class='fn'>p\u0159idal Volker Wojik<\/span><\/span><\/div><\/div><\/figcaption><\/figure><\/a><!--end av-masonry entry--><a href=\"https:\/\/ascorium.com\/cs\/2022\/11\/10\/our-innovation-perfect-surfaces\/\"  id='av-masonry-1-item-4577' data-av-masonry-item='4577' class='av-masonry-entry isotope-item post-4577 post type-post status-publish format-video has-post-thumbnail hentry category-obecne post_format-post-format-video  av-masonry-item-with-image' title=\"perfect_surfaces_prev_300x300\"   itemscope=\"itemscope\" itemtype=\"https:\/\/schema.org\/CreativeWork\" ><div class='av-inner-masonry-sizer'><\/div><figure class='av-inner-masonry main_color'><div class=\"av-masonry-outerimage-container\"><div class='av-masonry-image-container' style=\"background-image: url(https:\/\/ascorium.com\/wp-content\/uploads\/2022\/11\/perfect_surfaces_prev_300x300.jpg);\"  title=\"perfect_surfaces_prev_300x300\" ><\/div><\/div><figcaption class='av-inner-masonry-content site-background'><div class='av-inner-masonry-content-pos'><div class='av-inner-masonry-content-pos-content'><div class='avia-arrow'><\/div><span class='av-icon-display av-masonry-media' aria-hidden='true' data-av_icon='\ue80d' data-av_iconfont='entypo-fontello'><\/span><h3 class='av-masonry-entry-title entry-title '  itemprop=\"headline\" >Na\u0161e inovace &#8211; perfektn\u00ed povrchy<\/h3><div class='av-masonry-entry-content entry-content'  itemprop=\"text\" >Ascorium Industries \u2013 we\u2019ve got you covered!<\/div><span class='av-masonry-date meta-color updated'>10. listopadu 2022<\/span><span class=\"av-masonry-text-sep text-sep-author\">\/<\/span><span class='av-masonry-author meta-color author'><span class='fn'>p\u0159idal Volker Wojik<\/span><\/span><\/div><\/div><\/figcaption><\/figure><\/a><!--end av-masonry entry--><a href=\"https:\/\/ascorium.com\/cs\/2022\/11\/10\/nase-inovace-chytre-povrchy\/\"  id='av-masonry-1-item-4547' data-av-masonry-item='4547' class='av-masonry-entry isotope-item post-4547 post type-post status-publish format-video has-post-thumbnail hentry category-obecne tag-food-cs tag-fun-cs post_format-post-format-video  av-masonry-item-with-image' title=\"smart_surfaces-prev-300&#215;300\"   itemscope=\"itemscope\" itemtype=\"https:\/\/schema.org\/CreativeWork\" ><div class='av-inner-masonry-sizer'><\/div><figure class='av-inner-masonry main_color'><div class=\"av-masonry-outerimage-container\"><div class='av-masonry-image-container' style=\"background-image: url(https:\/\/ascorium.com\/wp-content\/uploads\/2022\/11\/smart_surfaces-prev-300x300-1.jpg);\"  title=\"smart_surfaces-prev-300&#215;300\" ><\/div><\/div><figcaption class='av-inner-masonry-content site-background'><div class='av-inner-masonry-content-pos'><div class='av-inner-masonry-content-pos-content'><div class='avia-arrow'><\/div><span class='av-icon-display av-masonry-media' aria-hidden='true' data-av_icon='\ue80d' data-av_iconfont='entypo-fontello'><\/span><h3 class='av-masonry-entry-title entry-title '  itemprop=\"headline\" >Na\u0161e inovace &#8211; Chytr\u00e9 povrchy<\/h3><div class='av-masonry-entry-content entry-content'  itemprop=\"text\" >Ascorium Industries \u2013 we\u2019ve got you covered!<\/div><span class='av-masonry-date meta-color updated'>10. listopadu 2022<\/span><span class=\"av-masonry-text-sep text-sep-author\">\/<\/span><span class='av-masonry-author meta-color author'><span class='fn'>p\u0159idal Volker Wojik<\/span><\/span><\/div><\/div><\/figcaption><\/figure><\/a><!--end av-masonry entry--><\/div><\/div><\/div>\n","protected":false},"excerpt":{"rendered":"","protected":false},"author":1,"featured_media":0,"parent":0,"menu_order":0,"comment_status":"closed","ping_status":"closed","template":"","meta":{"footnotes":""},"class_list":["post-2448","page","type-page","status-publish","hentry"],"_links":{"self":[{"href":"https:\/\/ascorium.com\/cs\/wp-json\/wp\/v2\/pages\/2448","targetHints":{"allow":["GET"]}}],"collection":[{"href":"https:\/\/ascorium.com\/cs\/wp-json\/wp\/v2\/pages"}],"about":[{"href":"https:\/\/ascorium.com\/cs\/wp-json\/wp\/v2\/types\/page"}],"author":[{"embeddable":true,"href":"https:\/\/ascorium.com\/cs\/wp-json\/wp\/v2\/users\/1"}],"replies":[{"embeddable":true,"href":"https:\/\/ascorium.com\/cs\/wp-json\/wp\/v2\/comments?post=2448"}],"version-history":[{"count":6,"href":"https:\/\/ascorium.com\/cs\/wp-json\/wp\/v2\/pages\/2448\/revisions"}],"predecessor-version":[{"id":5121,"href":"https:\/\/ascorium.com\/cs\/wp-json\/wp\/v2\/pages\/2448\/revisions\/5121"}],"wp:attachment":[{"href":"https:\/\/ascorium.com\/cs\/wp-json\/wp\/v2\/media?parent=2448"}],"curies":[{"name":"wp","href":"https:\/\/api.w.org\/{rel}","templated":true}]}}