{"id":2462,"date":"2018-05-03T15:19:56","date_gmt":"2018-05-03T13:19:56","guid":{"rendered":"https:\/\/relaunch.ascorium.com\/rom\/"},"modified":"2022-03-07T13:43:56","modified_gmt":"2022-03-07T12:43:56","slug":"rom","status":"publish","type":"page","link":"https:\/\/ascorium.com\/cs\/rom\/","title":{"rendered":"Colo-Fast\u00ae Flow"},"content":{"rendered":"\n<style type=\"text\/css\" data-created_by=\"avia_inline_auto\" id=\"style-css-av-145nae-fa30f44bd071a6a81593f2c9f2123db7\">\n.avia-section.av-145nae-fa30f44bd071a6a81593f2c9f2123db7{\nbackground-repeat:no-repeat;\nbackground-image:url(https:\/\/ascorium.com\/wp-content\/uploads\/2021\/09\/background-rom.jpg);\nbackground-position:50% 50%;\nbackground-attachment:scroll;\n}\n.avia-section.av-145nae-fa30f44bd071a6a81593f2c9f2123db7 .av-section-color-overlay{\nopacity:0.5;\nbackground-color:#000000;\n}\n<\/style>\n<div id='av_section_1'  class='avia-section av-145nae-fa30f44bd071a6a81593f2c9f2123db7 main_color avia-section-default avia-no-border-styling  avia-builder-el-0  el_before_av_section  avia-builder-el-first  avia-full-stretch avia-bg-style-scroll av-section-color-overlay-active av-minimum-height av-minimum-height-50 av-height-50  container_wrap fullsize'  data-section-bg-repeat='stretch' data-av_minimum_height_pc='50' data-av_min_height_opt='50'><div class=\"av-section-color-overlay-wrap\"><div class=\"av-section-color-overlay\"><\/div><div class='container av-section-cont-open' ><main  role=\"main\" itemprop=\"mainContentOfPage\"  class='template-page content  av-content-full alpha units'><div class='post-entry post-entry-type-page post-entry-2462'><div class='entry-content-wrapper clearfix'>\n\n<style type=\"text\/css\" data-created_by=\"avia_inline_auto\" id=\"style-css-av-jgf3pjem-ee2a691ebc0a9a100bc99d372a9c72ca\">\n#top .flex_column.av-jgf3pjem-ee2a691ebc0a9a100bc99d372a9c72ca{\nmargin-top:0px;\nmargin-bottom:0px;\n}\n.flex_column.av-jgf3pjem-ee2a691ebc0a9a100bc99d372a9c72ca{\nborder-radius:0px 0px 0px 0px;\npadding:0px 0px 0px 0px;\n}\n.responsive #top #wrap_all .flex_column.av-jgf3pjem-ee2a691ebc0a9a100bc99d372a9c72ca{\nmargin-top:0px;\nmargin-bottom:0px;\n}\n<\/style>\n<div  class='flex_column av-jgf3pjem-ee2a691ebc0a9a100bc99d372a9c72ca av_one_full  avia-builder-el-1  avia-builder-el-no-sibling  first flex_column_div av-animated-generic left-to-right av-zero-column-padding  '     ><style type=\"text\/css\" data-created_by=\"avia_inline_auto\" id=\"style-css-av-jgs0mnr3-ada79756b026364353d6ba258690097e\">\n#top .av-special-heading.av-jgs0mnr3-ada79756b026364353d6ba258690097e{\nmargin:0 0 0 0;\npadding-bottom:0;\ncolor:#ffffff;\nfont-size:4vw;\n}\nbody .av-special-heading.av-jgs0mnr3-ada79756b026364353d6ba258690097e .av-special-heading-tag .heading-char{\nfont-size:25px;\n}\n#top #wrap_all .av-special-heading.av-jgs0mnr3-ada79756b026364353d6ba258690097e .av-special-heading-tag{\nfont-size:4vw;\n}\n.av-special-heading.av-jgs0mnr3-ada79756b026364353d6ba258690097e .special-heading-inner-border{\nborder-color:#ffffff;\n}\n.av-special-heading.av-jgs0mnr3-ada79756b026364353d6ba258690097e .av-subheading{\nfont-size:25px;\n}\n\n@media only screen and (min-width: 480px) and (max-width: 767px){ \n#top #wrap_all .av-special-heading.av-jgs0mnr3-ada79756b026364353d6ba258690097e .av-special-heading-tag{\nfont-size:80px;\n}\n}\n\n@media only screen and (max-width: 479px){ \n#top #wrap_all .av-special-heading.av-jgs0mnr3-ada79756b026364353d6ba258690097e .av-special-heading-tag{\nfont-size:60px;\n}\n}\n<\/style>\n<div  class='av-special-heading av-jgs0mnr3-ada79756b026364353d6ba258690097e av-special-heading-h2 custom-color-heading blockquote modern-quote modern-centered  avia-builder-el-2  avia-builder-el-no-sibling  av-inherit-size'><h2 class='av-special-heading-tag '  itemprop=\"headline\"  >Colo-Fast\u00ae Flow<\/h2><div class=\"special-heading-border\"><div class=\"special-heading-inner-border\"><\/div><\/div><\/div><\/div>\n\n<\/div><\/div><\/main><!-- close content main element --><\/div><\/div><\/div><div id='av_section_2'  class='avia-section av-qet8u-2d0195563b61f8352f9f05a9a65288b5 main_color avia-section-huge avia-no-border-styling  avia-builder-el-3  el_after_av_section  el_before_av_section  avia-bg-style-scroll container_wrap fullsize'  ><div class='container av-section-cont-open' ><div class='template-page content  av-content-full alpha units'><div class='post-entry post-entry-type-page post-entry-2462'><div class='entry-content-wrapper clearfix'>\n\n<style type=\"text\/css\" data-created_by=\"avia_inline_auto\" id=\"style-css-av-9wkhy-09448bc49e5a5ec0466eabbe0ee3f283\">\n#top .flex_column.av-9wkhy-09448bc49e5a5ec0466eabbe0ee3f283{\nmargin-top:0px;\nmargin-bottom:0px;\n}\n.flex_column.av-9wkhy-09448bc49e5a5ec0466eabbe0ee3f283{\nborder-radius:3px 3px 3px 3px;\npadding:0px 0px 0px 10%;\n}\n.responsive #top #wrap_all .flex_column.av-9wkhy-09448bc49e5a5ec0466eabbe0ee3f283{\nmargin-top:0px;\nmargin-bottom:0px;\n}\n<\/style>\n<div  class='flex_column av-9wkhy-09448bc49e5a5ec0466eabbe0ee3f283 av_one_half  avia-builder-el-4  el_before_av_one_half  avia-builder-el-first  first flex_column_div av-animated-generic left-to-right  '     ><style type=\"text\/css\" data-created_by=\"avia_inline_auto\" id=\"style-css-av-ktbk73qz-2b24cd258d8fe76dab2d98740f5fa052\">\n.avia-image-container.av-ktbk73qz-2b24cd258d8fe76dab2d98740f5fa052 img.avia_image{\nbox-shadow:none;\n}\n.avia-image-container.av-ktbk73qz-2b24cd258d8fe76dab2d98740f5fa052 .av-image-caption-overlay-center{\ncolor:#ffffff;\n}\n<\/style>\n<div  class='avia-image-container av-ktbk73qz-2b24cd258d8fe76dab2d98740f5fa052 av-styling- avia-align-center  avia-builder-el-5  avia-builder-el-no-sibling '   itemprop=\"image\" itemscope=\"itemscope\" itemtype=\"https:\/\/schema.org\/ImageObject\" ><div class=\"avia-image-container-inner\"><div class=\"avia-image-overlay-wrap\"><img decoding=\"async\" fetchpriority=\"high\" class='wp-image-3809 avia-img-lazy-loading-not-3809 avia_image ' src=\"https:\/\/ascorium.com\/wp-content\/uploads\/2021\/09\/rom-colors.png\" alt='' title='rom-colors'  height=\"1321\" width=\"1029\"  itemprop=\"thumbnailUrl\" srcset=\"https:\/\/ascorium.com\/wp-content\/uploads\/2021\/09\/rom-colors.png 1029w, https:\/\/ascorium.com\/wp-content\/uploads\/2021\/09\/rom-colors-234x300.png 234w, https:\/\/ascorium.com\/wp-content\/uploads\/2021\/09\/rom-colors-798x1024.png 798w, https:\/\/ascorium.com\/wp-content\/uploads\/2021\/09\/rom-colors-768x986.png 768w, https:\/\/ascorium.com\/wp-content\/uploads\/2021\/09\/rom-colors-549x705.png 549w\" sizes=\"(max-width: 1029px) 100vw, 1029px\" \/><\/div><\/div><\/div><\/div>\n<style type=\"text\/css\" data-created_by=\"avia_inline_auto\" id=\"style-css-av-1swe7c-50438ff18943b8d09beb6fdf8c59de4e\">\n#top .flex_column.av-1swe7c-50438ff18943b8d09beb6fdf8c59de4e{\nmargin-top:0px;\nmargin-bottom:0px;\n}\n.flex_column.av-1swe7c-50438ff18943b8d09beb6fdf8c59de4e{\nborder-radius:3px 3px 3px 3px;\npadding:0px 10% 0px 0px;\n}\n.responsive #top #wrap_all .flex_column.av-1swe7c-50438ff18943b8d09beb6fdf8c59de4e{\nmargin-top:0px;\nmargin-bottom:0px;\n}\n<\/style>\n<div  class='flex_column av-1swe7c-50438ff18943b8d09beb6fdf8c59de4e av_one_half  avia-builder-el-6  el_after_av_one_half  el_before_av_hr  flex_column_div av-animated-generic left-to-right  '     ><p>\n<style type=\"text\/css\" data-created_by=\"avia_inline_auto\" id=\"style-css-av-jgrxw141-d95fa69a23b3616bbaf4450797e757db\">\n#top .av-special-heading.av-jgrxw141-d95fa69a23b3616bbaf4450797e757db{\nmargin:15px 0 0 0;\npadding-bottom:10px;\ncolor:#ffd600;\n}\nbody .av-special-heading.av-jgrxw141-d95fa69a23b3616bbaf4450797e757db .av-special-heading-tag .heading-char{\nfont-size:25px;\n}\n.av-special-heading.av-jgrxw141-d95fa69a23b3616bbaf4450797e757db .special-heading-inner-border{\nborder-color:#ffd600;\n}\n.av-special-heading.av-jgrxw141-d95fa69a23b3616bbaf4450797e757db .av-subheading{\nfont-size:15px;\n}\n<\/style>\n<div  class='av-special-heading av-jgrxw141-d95fa69a23b3616bbaf4450797e757db av-special-heading-h2 custom-color-heading blockquote modern-quote  avia-builder-el-7  el_before_av_textblock  avia-builder-el-first '><h2 class='av-special-heading-tag '  itemprop=\"headline\"  >Kombinace odolnosti a vynikaj\u00edc\u00edch dotykov\u00fdch vlastnost\u00ed d\u00edky na\u0161\u00ed technologii ROM.<\/h2><div class=\"special-heading-border\"><div class=\"special-heading-inner-border\"><\/div><\/div><\/div><br \/>\n\n<style type=\"text\/css\" data-created_by=\"avia_inline_auto\" id=\"style-css-av-ktblad6k-a2c8678a24a764dfd6c6ed462d30ee81\">\n#top .av_textblock_section.av-ktblad6k-a2c8678a24a764dfd6c6ed462d30ee81 .avia_textblock{\ncolor:#ffffff;\n}\n<\/style>\n<section  class='av_textblock_section av-ktblad6k-a2c8678a24a764dfd6c6ed462d30ee81 '   itemscope=\"itemscope\" itemtype=\"https:\/\/schema.org\/CreativeWork\" ><div class='avia_textblock av_inherit_color'  itemprop=\"text\" ><p>Technologie Colo-Fast\u00ae Flownab\u00edz\u00ed r\u016fzn\u00e9 mo\u017enosti integrace pro inovativn\u00ed pocit z interi\u00e9ru a p\u0159etv\u00e1\u0159en\u00ed je vhodn\u00e9 pro vn\u011bj\u0161\u00ed i vnit\u0159n\u00ed komponenty vyzna\u010duj\u00edc\u00ed se mimo\u0159\u00e1dn\u011b odolnou pr\u00e9miovou kvalitou.<\/p>\n<p>Technologie procesu ROM zvy\u0161uje odolnost proti po\u0161kr\u00e1b\u00e1n\u00ed a poskytuje v\u00fdjime\u010dn\u00fd vzhled povrchu a haptick\u00fd pocit &#8220;soft touch&#8221;, p\u0159i\u010dem\u017e oboj\u00ed je lep\u0161\u00ed ve srovn\u00e1n\u00ed s d\u00edly vyr\u00e1b\u011bn\u00fdmi vst\u0159ikov\u00e1n\u00edm.<\/p>\n<p><strong><span class=\"s2\">Jak\u00e1koli barva: je to va\u0161e volba bez jak\u00e9hokoli omezen\u00ed.<\/span><\/strong><\/p>\n<\/div><\/section><br \/>\n\n<style type=\"text\/css\" data-created_by=\"avia_inline_auto\" id=\"style-css-av-ktbk8nxh-28243c68b38282dc1be43f6769ab8361\">\n#top .hr.hr-invisible.av-ktbk8nxh-28243c68b38282dc1be43f6769ab8361{\nheight:50px;\n}\n<\/style>\n<div  class='hr av-ktbk8nxh-28243c68b38282dc1be43f6769ab8361 hr-invisible  avia-builder-el-9  el_after_av_textblock  el_before_av_textblock '><span class='hr-inner '><span class=\"hr-inner-style\"><\/span><\/span><\/div><br \/>\n<section  class='av_textblock_section av-kwoq542l-87e64b6ee120a828059ed4fd7f99c50d '   itemscope=\"itemscope\" itemtype=\"https:\/\/schema.org\/CreativeWork\" ><div class='avia_textblock'  itemprop=\"text\" ><p style=\"text-align: center;\"><img loading=\"lazy\" decoding=\"async\" class=\"size-full wp-image-2736 aligncenter\" src=\"https:\/\/ascorium.com\/wp-content\/uploads\/2021\/12\/bio-ready.png\" alt=\"\" width=\"100\" height=\"124\" \/><span style=\"color: #ffffff;\">This product is bio-ready.<\/span><br \/>\n<a href=\"https:\/\/relaunch.ascorium.com\/cs\/sustainability\/\">V\u00edce informac\u00ed naleznete zde<\/a><\/p>\n<\/div><\/section><\/p><\/div>\n<style type=\"text\/css\" data-created_by=\"avia_inline_auto\" id=\"style-css-av-cn11c-21757bec2a70d25a33e8dd330394c15c\">\n#top .hr.hr-invisible.av-cn11c-21757bec2a70d25a33e8dd330394c15c{\nheight:50px;\n}\n<\/style>\n<div  class='hr av-cn11c-21757bec2a70d25a33e8dd330394c15c hr-invisible  avia-builder-el-11  el_after_av_one_half  avia-builder-el-last '><span class='hr-inner '><span class=\"hr-inner-style\"><\/span><\/span><\/div>\n<\/div><\/div><\/div><!-- close content main div --><\/div><\/div>\n<style type=\"text\/css\" data-created_by=\"avia_inline_auto\" id=\"style-css-av-ktbjyauf-93b7b086b48ab6b495acaf7c7823638f\">\n.avia-section.av-ktbjyauf-93b7b086b48ab6b495acaf7c7823638f{\nbackground-color:#e7e5e6;\nbackground-image:unset;\n}\n<\/style>\n<div id='av_section_3'  class='avia-section av-ktbjyauf-93b7b086b48ab6b495acaf7c7823638f main_color avia-section-default avia-no-border-styling  avia-builder-el-12  el_after_av_section  el_before_av_section  avia-bg-style-scroll container_wrap fullsize'  ><div class='container av-section-cont-open' ><div class='template-page content  av-content-full alpha units'><div class='post-entry post-entry-type-page post-entry-2462'><div class='entry-content-wrapper clearfix'>\n<div class='flex_column_table av-ktblr2ml-59bd6dd1e7dff65a49aac9f4104fb365 sc-av_one_fifth av-equal-height-column-flextable'>\n<style type=\"text\/css\" data-created_by=\"avia_inline_auto\" id=\"style-css-av-ktblr2ml-59bd6dd1e7dff65a49aac9f4104fb365\">\n.flex_column.av-ktblr2ml-59bd6dd1e7dff65a49aac9f4104fb365{\npadding:0px 0px 0px 0px;\n}\n<\/style>\n<div  class='flex_column av-ktblr2ml-59bd6dd1e7dff65a49aac9f4104fb365 av_one_fifth  avia-builder-el-13  el_before_av_four_fifth  avia-builder-el-first  first no_margin flex_column_table_cell av-equal-height-column av-align-middle av-zero-column-padding  '     ><style type=\"text\/css\" data-created_by=\"avia_inline_auto\" id=\"style-css-av-ktbm2y4c-68724eee5665add701a5d1f9131b490f\">\n#top .av-special-heading.av-ktbm2y4c-68724eee5665add701a5d1f9131b490f{\nmargin:15px 0 0 0;\npadding-bottom:10px;\n}\nbody .av-special-heading.av-ktbm2y4c-68724eee5665add701a5d1f9131b490f .av-special-heading-tag .heading-char{\nfont-size:25px;\n}\n.av-special-heading.av-ktbm2y4c-68724eee5665add701a5d1f9131b490f .av-subheading{\nfont-size:15px;\n}\n<\/style>\n<div  class='av-special-heading av-ktbm2y4c-68724eee5665add701a5d1f9131b490f av-special-heading-h2 blockquote modern-quote modern-right  avia-builder-el-14  avia-builder-el-no-sibling '><h2 class='av-special-heading-tag '  itemprop=\"headline\"  >V\u00fdrobky Colo-Fast\u00ae Flow lze realizovat pro mal\u00e9 a\u017e velk\u00e9 sou\u010d\u00e1sti (3 cm &#8211; 160 cm).<\/h2><div class=\"special-heading-border\"><div class=\"special-heading-inner-border\"><\/div><\/div><\/div><\/div>\n<style type=\"text\/css\" data-created_by=\"avia_inline_auto\" id=\"style-css-av-408rk-b2ed38272fa5cd74d5d7730044fadac6\">\n.flex_column.av-408rk-b2ed38272fa5cd74d5d7730044fadac6{\npadding:0px 0px 0px 0px;\n}\n<\/style>\n<div  class='flex_column av-408rk-b2ed38272fa5cd74d5d7730044fadac6 av_four_fifth  avia-builder-el-15  el_after_av_one_fifth  avia-builder-el-last  no_margin flex_column_table_cell av-equal-height-column av-align-middle av-zero-column-padding  '     ><style type=\"text\/css\" data-created_by=\"avia_inline_auto\" id=\"style-css-sub-av-yeqrs-e29148b63616e652fb45f8a9433c62a3\">\n.av-hotspot-image-container .av-image-hotspot.av-pytew-14b370adbc508d7d808c43e601e3783a{\ntop:22.8%;\nleft:20.2%;\n}\n.av-hotspot-image-container .av-image-hotspot.av-pytew-14b370adbc508d7d808c43e601e3783a .av-image-hotspot_inner{\nbackground-color:#ffffff;\ncolor:#888888;\n}\n.av-hotspot-image-container .av-image-hotspot.av-pytew-14b370adbc508d7d808c43e601e3783a .av-image-hotspot-pulse{\nbackground-color:#ffd600;\n}\n.av-hotspot-image-container .av-image-hotspot.av-mmczs-269200c55c82937e570619d016be1be7{\ntop:51.3%;\nleft:58.3%;\n}\n.av-hotspot-image-container .av-image-hotspot.av-mmczs-269200c55c82937e570619d016be1be7 .av-image-hotspot_inner{\nbackground-color:#ffffff;\ncolor:#888888;\n}\n.av-hotspot-image-container .av-image-hotspot.av-mmczs-269200c55c82937e570619d016be1be7 .av-image-hotspot-pulse{\nbackground-color:#ffd600;\n}\n.av-hotspot-image-container .av-image-hotspot.av-fecnk-5691dc0add9afd2d89857013c52570c1{\ntop:48.9%;\nleft:76.2%;\n}\n.av-hotspot-image-container .av-image-hotspot.av-fecnk-5691dc0add9afd2d89857013c52570c1 .av-image-hotspot_inner{\nbackground-color:#ffffff;\ncolor:#888888;\n}\n.av-hotspot-image-container .av-image-hotspot.av-fecnk-5691dc0add9afd2d89857013c52570c1 .av-image-hotspot-pulse{\nbackground-color:#ffd600;\n}\n.av-hotspot-image-container .av-image-hotspot.av-6kd4g-d45b7bfaae59e03ca2f2d846c8d4f019{\ntop:74%;\nleft:85.9%;\n}\n.av-hotspot-image-container .av-image-hotspot.av-6kd4g-d45b7bfaae59e03ca2f2d846c8d4f019 .av-image-hotspot_inner{\nbackground-color:#ffffff;\ncolor:#888888;\n}\n.av-hotspot-image-container .av-image-hotspot.av-6kd4g-d45b7bfaae59e03ca2f2d846c8d4f019 .av-image-hotspot-pulse{\nbackground-color:#ffd600;\n}\n<\/style>\n<div  class='av-hotspot-image-container av-yeqrs-e29148b63616e652fb45f8a9433c62a3  avia-builder-el-16  avia-builder-el-no-sibling  av-hotspot-numbered av-mobile-fallback-active  av-non-fullwidth-hotspot-image'  itemprop=\"image\" itemscope=\"itemscope\" itemtype=\"https:\/\/schema.org\/ImageObject\" ><div class='av-hotspot-container'><div class='av-hotspot-container-inner-cell'><div class='av-hotspot-container-inner-wrap'><div class='av-image-hotspot av-pytew-14b370adbc508d7d808c43e601e3783a av-image-hotspot-1 ' data-avia-tooltip-position='top' data-avia-tooltip-alignment='right' data-avia-tooltip-class='av-tt-xlarge-width av-tt-pos-above av-tt-align-right  av-mobile-fallback-active  main_color av-tooltip-shadow av-tt-hotspot' data-avia-tooltip='&lt;h3 class=&quot;p1&quot; style=&quot;text-align: center;&quot;&gt;&lt;span style=&quot;color: #ffffff;&quot;&gt;&lt;strong&gt;Substr\u00e1t: Materi\u00e1l:&lt;\/strong&gt;&lt;\/span&gt;&lt;\/h3&gt;\n&lt;h3 class=&quot;p1&quot; style=&quot;text-align: center;&quot;&gt;&lt;span style=&quot;color: #ffffff;&quot;&gt;ABS, PE,&lt;\/span&gt;&lt;br \/&gt;\n&lt;span style=&quot;color: #ffffff;&quot;&gt; PP, PUR,&lt;\/span&gt;&lt;br \/&gt;\n&lt;span style=&quot;color: #ffffff;&quot;&gt; CompoLite \u2026&lt;\/span&gt;&lt;\/h3&gt;\n'><div class='av-image-hotspot_inner'>1<\/div><div class='av-image-hotspot-pulse'><\/div><\/div><div class='av-image-hotspot av-mmczs-269200c55c82937e570619d016be1be7 av-image-hotspot-2 ' data-avia-tooltip-position='top' data-avia-tooltip-alignment='right' data-avia-tooltip-class='av-tt-xlarge-width av-tt-pos-above av-tt-align-right  av-mobile-fallback-active  main_color av-tooltip-shadow av-tt-hotspot' data-avia-tooltip='&lt;h3 class=&quot;p1&quot; style=&quot;text-align: center;&quot;&gt;&lt;span style=&quot;color: #ffffff;&quot;&gt;D\u00edly ROM v\u010detn\u011b slo\u017eit\u00fdch&lt;\/span&gt;&lt;br \/&gt;\n&lt;span style=&quot;color: #ffffff;&quot;&gt; konstruk\u010dn\u00edch&lt;\/span&gt;&lt;br \/&gt;\n&lt;span style=&quot;color: #ffffff;&quot;&gt;\u010d\u00e1st\u00ed a pod\u0159ez\u016f&lt;\/span&gt;&lt;\/h3&gt;\n'><div class='av-image-hotspot_inner'>2<\/div><div class='av-image-hotspot-pulse'><\/div><\/div><div class='av-image-hotspot av-fecnk-5691dc0add9afd2d89857013c52570c1 av-image-hotspot-3 ' data-avia-tooltip-position='top' data-avia-tooltip-alignment='right' data-avia-tooltip-class='av-tt-xlarge-width av-tt-pos-above av-tt-align-right  av-mobile-fallback-active  main_color av-tooltip-shadow av-tt-hotspot' data-avia-tooltip='&lt;h3 class=&quot;p1&quot; style=&quot;text-align: center;&quot;&gt;&lt;span style=&quot;color: #ffffff;&quot;&gt;Materi\u00e1l&lt;\/span&gt;&lt;br \/&gt;\n&lt;span style=&quot;color: #ffffff;&quot;&gt; Colo-Fast\u00ae ROM&lt;\/span&gt;&lt;\/h3&gt;\n'><div class='av-image-hotspot_inner'>3<\/div><div class='av-image-hotspot-pulse'><\/div><\/div><div class='av-image-hotspot av-6kd4g-d45b7bfaae59e03ca2f2d846c8d4f019 av-image-hotspot-4 ' data-avia-tooltip-position='top' data-avia-tooltip-alignment='right' data-avia-tooltip-class='av-tt-xlarge-width av-tt-pos-above av-tt-align-right  av-mobile-fallback-active  main_color av-tooltip-shadow av-tt-hotspot' data-avia-tooltip='&lt;h3 class=&quot;p1&quot; style=&quot;text-align: center;&quot;&gt;&lt;span style=&quot;color: #ffffff;&quot;&gt;Ostr\u00e9&lt;\/span&gt;&lt;br \/&gt;\n&lt;span style=&quot;color: #ffffff;&quot;&gt; obrysy&lt;\/span&gt;&lt;\/h3&gt;\n'><div class='av-image-hotspot_inner'>4<\/div><div class='av-image-hotspot-pulse'><\/div><\/div><img decoding=\"async\" fetchpriority=\"high\" class='wp-image-3811 avia-img-lazy-loading-not-3811 avia_image' src=\"https:\/\/ascorium.com\/wp-content\/uploads\/2021\/09\/rom-abdeckung.png\" alt='' title='rom-abdeckung'  height=\"1043\" width=\"1484\"  itemprop=\"thumbnailUrl\" srcset=\"https:\/\/ascorium.com\/wp-content\/uploads\/2021\/09\/rom-abdeckung.png 1484w, https:\/\/ascorium.com\/wp-content\/uploads\/2021\/09\/rom-abdeckung-300x211.png 300w, https:\/\/ascorium.com\/wp-content\/uploads\/2021\/09\/rom-abdeckung-1024x720.png 1024w, https:\/\/ascorium.com\/wp-content\/uploads\/2021\/09\/rom-abdeckung-768x540.png 768w, https:\/\/ascorium.com\/wp-content\/uploads\/2021\/09\/rom-abdeckung-705x495.png 705w\" sizes=\"(max-width: 1484px) 100vw, 1484px\" \/><\/div><\/div><\/div><div class='av-hotspot-fallback-tooltip av-image-hotspot-1 '><div class=\"av-hotspot-fallback-tooltip-count\">1<div class=\"avia-arrow\"><\/div><\/div><div class=\"av-hotspot-fallback-tooltip-inner clearfix\"><\/p>\n<h3 class=\"p1\" style=\"text-align: center;\"><span style=\"color: #ffffff;\"><strong>Substr\u00e1t: Materi\u00e1l:<\/strong><\/span><\/h3>\n<h3 class=\"p1\" style=\"text-align: center;\"><span style=\"color: #ffffff;\">ABS, PE,<\/span><br \/>\n<span style=\"color: #ffffff;\"> PP, PUR,<\/span><br \/>\n<span style=\"color: #ffffff;\"> CompoLite \u2026<\/span><\/h3>\n<p>\n<\/div><\/div><div class='av-hotspot-fallback-tooltip av-image-hotspot-2 '><div class=\"av-hotspot-fallback-tooltip-count\">2<div class=\"avia-arrow\"><\/div><\/div><div class=\"av-hotspot-fallback-tooltip-inner clearfix\"><\/p>\n<h3 class=\"p1\" style=\"text-align: center;\"><span style=\"color: #ffffff;\">D\u00edly ROM v\u010detn\u011b slo\u017eit\u00fdch<\/span><br \/>\n<span style=\"color: #ffffff;\"> konstruk\u010dn\u00edch<\/span><br \/>\n<span style=\"color: #ffffff;\">\u010d\u00e1st\u00ed a pod\u0159ez\u016f<\/span><\/h3>\n<p>\n<\/div><\/div><div class='av-hotspot-fallback-tooltip av-image-hotspot-3 '><div class=\"av-hotspot-fallback-tooltip-count\">3<div class=\"avia-arrow\"><\/div><\/div><div class=\"av-hotspot-fallback-tooltip-inner clearfix\"><\/p>\n<h3 class=\"p1\" style=\"text-align: center;\"><span style=\"color: #ffffff;\">Materi\u00e1l<\/span><br \/>\n<span style=\"color: #ffffff;\"> Colo-Fast\u00ae ROM<\/span><\/h3>\n<p>\n<\/div><\/div><div class='av-hotspot-fallback-tooltip av-image-hotspot-4 '><div class=\"av-hotspot-fallback-tooltip-count\">4<div class=\"avia-arrow\"><\/div><\/div><div class=\"av-hotspot-fallback-tooltip-inner clearfix\"><\/p>\n<h3 class=\"p1\" style=\"text-align: center;\"><span style=\"color: #ffffff;\">Ostr\u00e9<\/span><br \/>\n<span style=\"color: #ffffff;\"> obrysy<\/span><\/h3>\n<p>\n<\/div><\/div><\/div><\/div><\/div><!--close column table wrapper. Autoclose: 1 -->\n<\/p>\n<\/div><\/div><\/div><!-- close content main div --><\/div><\/div><div id='av_section_4'  class='avia-section av-bwvk-5453049d5fccd1ffae08443506243b93 main_color avia-section-huge avia-no-border-styling  avia-builder-el-17  el_after_av_section  avia-builder-el-last  avia-bg-style-scroll container_wrap fullsize'  ><div class='container av-section-cont-open' ><div class='template-page content  av-content-full alpha units'><div class='post-entry post-entry-type-page post-entry-2462'><div class='entry-content-wrapper clearfix'>\n\n<style type=\"text\/css\" data-created_by=\"avia_inline_auto\" id=\"style-css-av-sz5vk-195b04c544190fcfc28dbd731953de99\">\n#top .flex_column.av-sz5vk-195b04c544190fcfc28dbd731953de99{\nmargin-top:0px;\nmargin-bottom:0px;\n}\n.flex_column.av-sz5vk-195b04c544190fcfc28dbd731953de99{\nborder-radius:0px 0px 0px 0px;\npadding:0px 0px 0px 10%;\n}\n.responsive #top #wrap_all .flex_column.av-sz5vk-195b04c544190fcfc28dbd731953de99{\nmargin-top:0px;\nmargin-bottom:0px;\n}\n<\/style>\n<div  class='flex_column av-sz5vk-195b04c544190fcfc28dbd731953de99 av_two_fifth  avia-builder-el-18  el_before_av_three_fifth  avia-builder-el-first  first flex_column_div av-animated-generic left-to-right  '     ><style type=\"text\/css\" data-created_by=\"avia_inline_auto\" id=\"style-css-av-5sdeo-9f4379a82fc231de64bc1fe3a2557a07\">\n#top .av_textblock_section.av-5sdeo-9f4379a82fc231de64bc1fe3a2557a07 .avia_textblock{\ncolor:#ffffff;\n}\n<\/style>\n<section  class='av_textblock_section av-5sdeo-9f4379a82fc231de64bc1fe3a2557a07 '   itemscope=\"itemscope\" itemtype=\"https:\/\/schema.org\/CreativeWork\" ><div class='avia_textblock av_inherit_color'  itemprop=\"text\" ><p class=\"p1\"><span class=\"s1\">Osv\u011bd\u010den\u00fd a spolehliv\u00fd materi\u00e1l Colo-Fast\u00ae, kter\u00fd se pou\u017e\u00edv\u00e1 v technologii st\u0159\u00edk\u00e1n\u00ed, je vhodn\u00fd tak\u00e9 pro technologii recasting (over-molding proces). V tomto p\u0159\u00edpad\u011b se p\u0159ed vst\u0159ikov\u00e1n\u00edm materi\u00e1lu Colo-Fast\u00ae um\u00edst\u00ed do n\u00e1stroje nosi\u010d materi\u00e1lu (nap\u0159\u00edklad ABS). D\u00edky tomu je mo\u017en\u00e9 v jedin\u00e9m kroku zpracov\u00e1n\u00ed vyrobit nejen pl\u00e1\u0161\u0165, ale kompletn\u00ed sou\u010d\u00e1st.<\/span><\/p>\n<\/div><\/section><\/div>\n<style type=\"text\/css\" data-created_by=\"avia_inline_auto\" id=\"style-css-av-1s3qg-5de18b2fa627b091c568d6df2f1814c5\">\n#top .flex_column.av-1s3qg-5de18b2fa627b091c568d6df2f1814c5{\nmargin-top:0px;\nmargin-bottom:0px;\n}\n.flex_column.av-1s3qg-5de18b2fa627b091c568d6df2f1814c5{\nborder-radius:0px 0px 0px 0px;\npadding:0px 10% 0px 0px;\n}\n.responsive #top #wrap_all .flex_column.av-1s3qg-5de18b2fa627b091c568d6df2f1814c5{\nmargin-top:0px;\nmargin-bottom:0px;\n}\n<\/style>\n<div  class='flex_column av-1s3qg-5de18b2fa627b091c568d6df2f1814c5 av_three_fifth  avia-builder-el-20  el_after_av_two_fifth  el_before_av_hr  flex_column_div av-animated-generic left-to-right  '     ><div  class='avia-video av-kufebknc-e8ee04128982d97dd54ca626efc38d3d avia-video-16-9 av-no-preview-image avia-video-load-always av-lazyload-immediate av-lazyload-video-embed'  itemprop=\"video\" itemtype=\"https:\/\/schema.org\/VideoObject\"  data-original_url='https:\/\/youtu.be\/jOvDTvoYcAo'><script type='text\/html' class='av-video-tmpl'><div class='avia-iframe-wrap'><iframe loading=\"lazy\" title=\"ROM\" width=\"1500\" height=\"844\" src=\"https:\/\/www.youtube.com\/embed\/jOvDTvoYcAo?feature=oembed&autoplay=0&loop=0&controls=0&mute=0\" frameborder=\"0\" allow=\"accelerometer; autoplay; clipboard-write; encrypted-media; gyroscope; picture-in-picture\" allowfullscreen><\/iframe><\/div><\/script><div class='av-click-to-play-overlay'><div class=\"avia_playpause_icon\"><\/div><\/div><\/div><\/div>\n<style type=\"text\/css\" data-created_by=\"avia_inline_auto\" id=\"style-css-av-8uayw-e5af4a55532346f737285957b1f2d40e\">\n#top .hr.hr-invisible.av-8uayw-e5af4a55532346f737285957b1f2d40e{\nheight:50px;\n}\n<\/style>\n<div  class='hr av-8uayw-e5af4a55532346f737285957b1f2d40e hr-invisible  avia-builder-el-22  el_after_av_three_fifth  avia-builder-el-last '><span class='hr-inner '><span class=\"hr-inner-style\"><\/span><\/span><\/div>\n\n","protected":false},"excerpt":{"rendered":"","protected":false},"author":1,"featured_media":0,"parent":0,"menu_order":0,"comment_status":"closed","ping_status":"closed","template":"","meta":{"footnotes":""},"class_list":["post-2462","page","type-page","status-publish","hentry"],"_links":{"self":[{"href":"https:\/\/ascorium.com\/cs\/wp-json\/wp\/v2\/pages\/2462","targetHints":{"allow":["GET"]}}],"collection":[{"href":"https:\/\/ascorium.com\/cs\/wp-json\/wp\/v2\/pages"}],"about":[{"href":"https:\/\/ascorium.com\/cs\/wp-json\/wp\/v2\/types\/page"}],"author":[{"embeddable":true,"href":"https:\/\/ascorium.com\/cs\/wp-json\/wp\/v2\/users\/1"}],"replies":[{"embeddable":true,"href":"https:\/\/ascorium.com\/cs\/wp-json\/wp\/v2\/comments?post=2462"}],"version-history":[{"count":7,"href":"https:\/\/ascorium.com\/cs\/wp-json\/wp\/v2\/pages\/2462\/revisions"}],"predecessor-version":[{"id":4146,"href":"https:\/\/ascorium.com\/cs\/wp-json\/wp\/v2\/pages\/2462\/revisions\/4146"}],"wp:attachment":[{"href":"https:\/\/ascorium.com\/cs\/wp-json\/wp\/v2\/media?parent=2462"}],"curies":[{"name":"wp","href":"https:\/\/api.w.org\/{rel}","templated":true}]}}